{"id":36050,"date":"2023-04-21T17:08:11","date_gmt":"2023-04-21T21:08:11","guid":{"rendered":"https:\/\/www.polycor.com\/compagnie-de-marbre-de-georgie\/"},"modified":"2023-06-01T19:12:02","modified_gmt":"2023-06-01T19:12:02","slug":"compagnie-de-marbre-de-georgie","status":"publish","type":"page","link":"https:\/\/dev2.polycor.com\/fr-ca\/marques-patrimoniales\/compagnie-de-marbre-de-georgie\/","title":{"rendered":"Compagnie de marbre de G\u00e9orgie"},"content":{"rendered":"\n<div class=\"wp-block-cover alignfull is-light\"><span aria-hidden=\"true\" class=\"wp-block-cover__background has-background-dim-100 has-background-dim has-background-gradient has-black-max-30-opacity-gradient-background\"><\/span><img loading=\"lazy\" decoding=\"async\" width=\"1230\" height=\"624\" src=\"https:\/\/dev2.polycor.com\/wp-content\/uploads\/2023\/04\/Georgia-Marble-Company-Polycor-Inc.jpg\" class=\"wp-block-cover__image-background wp-post-image\" alt=\"\" data-object-fit=\"cover\" srcset=\"https:\/\/dev2.polycor.com\/wp-content\/uploads\/2023\/04\/Georgia-Marble-Company-Polycor-Inc.jpg 1230w, https:\/\/dev2.polycor.com\/wp-content\/uploads\/2023\/04\/Georgia-Marble-Company-Polycor-Inc-300x152.jpg 300w, https:\/\/dev2.polycor.com\/wp-content\/uploads\/2023\/04\/Georgia-Marble-Company-Polycor-Inc-1024x519.jpg 1024w, https:\/\/dev2.polycor.com\/wp-content\/uploads\/2023\/04\/Georgia-Marble-Company-Polycor-Inc-1024x519.jpg 768w, https:\/\/dev2.polycor.com\/wp-content\/uploads\/2023\/04\/Georgia-Marble-Company-Polycor-Inc-1024x519.jpg 600w\" sizes=\"auto, (max-width: 1230px) 100vw, 1230px\" \/><div class=\"wp-block-cover__inner-container is-layout-flow wp-block-cover-is-layout-flow\">\n<h1 class=\"wp-block-heading has-text-align-center\">Compagnie de marbre de G\u00e9orgie<\/h1>\n\n\n\n<p class=\"has-text-align-center has-medium-font-size\">Tate, G\u00e9orgie<\/p>\n\n\n\n<hr class=\"wp-block-separator has-alpha-channel-opacity is-style-yellow-line-horizontal\"\/>\n<\/div><\/div>\n\n\n\n<div style=\"height:50px\" aria-hidden=\"true\" class=\"wp-block-spacer\"><\/div>\n\n\n\n<div class=\"wp-block-columns is-layout-flex wp-container-core-columns-is-layout-9d6595d7 wp-block-columns-is-layout-flex\">\n<div class=\"wp-block-column is-layout-flow wp-block-column-is-layout-flow\" style=\"flex-basis:20%\"><\/div>\n\n\n\n<div class=\"wp-block-column is-layout-flow wp-block-column-is-layout-flow\" style=\"flex-basis:60%\"><div class=\"wp-block-image\">\n<figure class=\"aligncenter size-full\"><img loading=\"lazy\" decoding=\"async\" width=\"363\" height=\"398\" src=\"https:\/\/www.dev2.polycor.com\/wp-content\/uploads\/2023\/04\/Georgia-Marble-Company-Circle-White.png\" alt=\"\" class=\"wp-image-30879\" srcset=\"https:\/\/dev2.polycor.com\/wp-content\/uploads\/2023\/04\/Georgia-Marble-Company-Circle-White.png 363w, https:\/\/dev2.polycor.com\/wp-content\/uploads\/2023\/04\/Georgia-Marble-Company-Circle-White-300x329.png 300w, https:\/\/dev2.polycor.com\/wp-content\/uploads\/2023\/04\/Georgia-Marble-Company-Circle-White-274x300.png 274w\" sizes=\"auto, (max-width: 363px) 100vw, 363px\" \/><\/figure>\n<\/div>\n\n\n<div style=\"height:25px\" aria-hidden=\"true\" class=\"wp-block-spacer\"><\/div>\n\n\n\n<p>En 1835, une formation de marbre blanc \u00e9tincelant a attir\u00e9 l&rsquo;attention d&rsquo;un tailleur de pierre irlandais, Henry T. Fitzsimmons, dans les contreforts du nord de la G\u00e9orgie. Il a rapidement commenc\u00e9 une petite op\u00e9ration d&rsquo;extraction dans une ville qui portait le nom appropri\u00e9 de Marble Hill. Apr\u00e8s avoir construit un modeste moulin pour fabriquer des monuments, Fitzsimmons, ainsi que d&rsquo;autres entreprises engag\u00e9es dans la production de marbre dans la r\u00e9gion, ont connu seulement un succ\u00e8s limit\u00e9 avant et apr\u00e8s la guerre civile.<\/p>\n\n\n\n<p>Ce n&rsquo;est qu&rsquo;en 1884 que la Georgia Marble Company a \u00e9t\u00e9 officiellement fond\u00e9e, prenant le contr\u00f4le de 7 000 acres de terres appartenant \u00e0 Samuel Tate. La Georgia Marble Company a entam\u00e9 une p\u00e9riode prolong\u00e9e d&rsquo;expansion au cours des ann\u00e9es suivantes, connaissant une croissance record de la production, des installations et des ventes de pierres comm\u00e9moratives et de construction. Ses op\u00e9rations \u00e9taient enti\u00e8rement int\u00e9gr\u00e9es et coordonn\u00e9es pour se solidifier en tant que l&rsquo;un des plus grands producteurs mondiaux de produits en marbre d&rsquo;une puret\u00e9 extraordinaire. Les gisements de marbre de l&rsquo;entreprise ont stup\u00e9fi\u00e9 l&rsquo;imagination avec une estimation de 3 000 ans de r\u00e9serves, m\u00eame au taux de production actuellement \u00e9lev\u00e9.<\/p>\n\n\n\n<p>Les architectes et les ing\u00e9nieurs ont commenc\u00e9 \u00e0 utiliser ce marbre unique pour certains des b\u00e2timents et des monuments les plus c\u00e9l\u00e8bres d&rsquo;Am\u00e9rique, du b\u00e2timent du Capitole des \u00c9tats-Unis \u00e0 la sculpture d&rsquo;Abraham Lincoln \u00e0 Washington D.C., ainsi que les embl\u00e9matiques b\u00e2timents de la Bourse et du Mus\u00e9e d&rsquo;Art Moderne de New York.<\/p>\n\n\n\n<p>Depuis lors, la Georgia Marble Company a continu\u00e9 de cro\u00eetre et d&rsquo;\u00e9voluer avec la technologie et les march\u00e9s. Aujourd&rsquo;hui, la Georgia Marble Company est fi\u00e8re de faire partie de la famille des marques Polycor, ayant \u00e9t\u00e9 acquise par l&rsquo;entreprise canadienne Polycor, la plus grande entreprise de carri\u00e8re de pierre de dimension au monde en 2003. Rien n&rsquo;a chang\u00e9 du point de vue des op\u00e9rations et du service, et vous pouvez continuer \u00e0 vous attendre au m\u00eame niveau de qualit\u00e9 et de confiance qui a \u00e9t\u00e9 la fondation de la Georgia Marble Company et qui est partag\u00e9 par Polycor au sein de toutes ses marques familiales.<\/p>\n<\/div>\n\n\n\n<div class=\"wp-block-column is-layout-flow wp-block-column-is-layout-flow\" style=\"flex-basis:20%\"><\/div>\n<\/div>\n\n\n<div id=\"stone-finishes-slider-block_fd43567628a0c54017ec9d58507a895b\" class=\"ibf-stone-finishes-slider stones-cards-columns stone-finishes-slider-container\">\n          <div class=\"stone-finishes-card\">\n          <a href=\"https:\/\/dev2.polycor.com\/stones\/georgia-marble-etowah\/\" class=\"stone-card-image-and-title-container \">\n                          <div class=\"stone-card-image\" style=\"background: url('https:\/\/dev2.polycor.com\/wp-content\/uploads\/2023\/02\/etowah-polished-marble-polycor-1.jpg') no-repeat center\/150%\"><\/div>\n                        <h5 class=\"stone-card-title\">GEORGIA MARBLE\u2122 &#8211; ETOWAH\u2122<\/h5>\n          <\/a>\n                      <p class=\"stone-material-text\">Marble<\/p>\n                            <\/div>\n              <div class=\"stone-finishes-card\">\n          <a href=\"https:\/\/dev2.polycor.com\/stones\/georgia-marble-pearl-grey\/\" class=\"stone-card-image-and-title-container \">\n                          <div class=\"stone-card-image\" style=\"background: url('https:\/\/dev2.polycor.com\/wp-content\/uploads\/2023\/03\/pearl-gray-polished-marble-polycor-full.jpg') no-repeat center\/150%\"><\/div>\n                        <h5 class=\"stone-card-title\">GEORGIA MARBLE\u2122 &#8211; PEARL GREY\u2122<\/h5>\n          <\/a>\n                      <p class=\"stone-material-text\">Marble<\/p>\n                            <\/div>\n              <div class=\"stone-finishes-card\">\n          <a href=\"https:\/\/dev2.polycor.com\/stones\/georgia-marble-solar-grey\/\" class=\"stone-card-image-and-title-container \">\n                          <div class=\"stone-card-image\" style=\"background: url('https:\/\/dev2.polycor.com\/wp-content\/uploads\/2023\/02\/solar-grey-polished-marble-polycor-full-1.jpg') no-repeat center\/150%\"><\/div>\n                        <h5 class=\"stone-card-title\">GEORGIA MARBLE\u2122 &#8211; SOLAR GREY\u2122<\/h5>\n          <\/a>\n                      <p class=\"stone-material-text\">Marble<\/p>\n                            <\/div>\n              <div class=\"stone-finishes-card\">\n          <a href=\"https:\/\/dev2.polycor.com\/stones\/georgia-marble-white-cherokee\/\" class=\"stone-card-image-and-title-container is-new\">\n                          <div class=\"stone-card-image\" style=\"background: url('https:\/\/dev2.polycor.com\/wp-content\/uploads\/2023\/02\/white-cherokee-polished-marble-polycor-full-1.jpg') no-repeat center\/150%\"><\/div>\n                        <h5 class=\"stone-card-title\">GEORGIA MARBLE\u2122 &#8211; WHITE CHEROKEE\u2122<\/h5>\n          <\/a>\n                      <p class=\"stone-material-text\">Marble<\/p>\n                            <\/div>\n              <div class=\"stone-finishes-card\">\n          <a href=\"https:\/\/dev2.polycor.com\/stones\/georgia-marble-white-georgia\/\" class=\"stone-card-image-and-title-container \">\n                          <div class=\"stone-card-image\" style=\"background: url('https:\/\/dev2.polycor.com\/wp-content\/uploads\/2023\/02\/white-georgia-polished-marble-polycor-full-1.jpg') no-repeat center\/150%\"><\/div>\n                        <h5 class=\"stone-card-title\">GEORGIA MARBLE\u2122 &#8211; WHITE GEORGIA\u2122<\/h5>\n          <\/a>\n                      <p class=\"stone-material-text\">Marble<\/p>\n                            <\/div>\n      <\/div>\n<style>\n.ibf-stone-finishes-slider.stone-finishes-slider-container .flickity-button.flickity-prev-next-button {\n  background: url(\"https:\/\/dev2.polycor.com\/wp-content\/plugins\/if-blocks\/\/blocks\/stone-finishes-slider\/assets\/img\/slider-arrow-left.svg\") no-repeat center;\n}\n\n.ibf-stone-finishes-slider.stone-finishes-slider-container .flickity-button.flickity-prev-next-button:disabled {\n  background: url(\"https:\/\/dev2.polycor.com\/wp-content\/plugins\/if-blocks\/\/blocks\/stone-finishes-slider\/assets\/img\/slider-arrow-left-disabled.svg\") no-repeat center;\n  background-size: contain;\n}\n\n.stone-finishes-card .stone-card-image-and-title-container {\n    position: relative;\n}\n\n.stone-finishes-card .stone-card-image-and-title-container.is-new:after {\n    content: \"New\";\n    position: absolute;\n    top: 0;\n    left: 0;\n    height: 25px;\n    width: 45px;\n    padding-left: 3px;\n    color: white;\n    background-color: #eeb310;\n    border-bottom-right-radius: 5px;\n    font-weight: bold;\n}\n<\/style>\n\n\n\n<div style=\"height:50px\" aria-hidden=\"true\" class=\"wp-block-spacer\"><\/div>\n\n\n\n<div class=\"wp-block-buttons is-content-justification-center is-layout-flex wp-container-core-buttons-is-layout-16018d1d wp-block-buttons-is-layout-flex\">\n<div class=\"wp-block-button\"><a class=\"wp-block-button__link wp-element-button\" href=\"\/fr-ca\/pierres\/\">VOIR TOUTES LES PIERRES POLYCOR<\/a><\/div>\n<\/div>\n\n\n\n<div style=\"height:50px\" aria-hidden=\"true\" class=\"wp-block-spacer\"><\/div>\n<div class=\"internal-search-metadata\"><p>compagnie-de-marbre-de-georgie, page<\/p><\/div>","protected":false},"excerpt":{"rendered":"<p>En 1835, une formation de marbre blanc \u00e9tincelant a attir\u00e9 l&rsquo;attention d&rsquo;un tailleur de pierre irlandais, Henry T. Fitzsimmons, dans les contreforts du nord de la G\u00e9orgie. Il a rapidement commenc\u00e9 une petite op\u00e9ration d&rsquo;extraction dans une ville qui portait le nom appropri\u00e9 de Marble Hill. Apr\u00e8s avoir construit un modeste moulin pour fabriquer des&#8230;<\/p>\n","protected":false},"author":3,"featured_media":35400,"parent":36053,"menu_order":0,"comment_status":"closed","ping_status":"closed","template":"","meta":{"_acf_changed":false,"content-type":"","_kad_blocks_custom_css":"","_kad_blocks_head_custom_js":"","_kad_blocks_body_custom_js":"","_kad_blocks_footer_custom_js":"","_kad_post_transparent":"","_kad_post_title":"","_kad_post_layout":"","_kad_post_sidebar_id":"","_kad_post_content_style":"","_kad_post_vertical_padding":"","_kad_post_feature":"","_kad_post_feature_position":"","_kad_post_header":false,"_kad_post_footer":false,"_kad_post_classname":"","footnotes":""},"materials":[],"project-tags":[],"resource_type":[],"sites":[],"stone_tags":[],"product-tax":[],"application-tax":[],"class_list":["post-36050","page","type-page","status-publish","has-post-thumbnail","hentry"],"acf":[],"yoast_head":"<!-- This site is optimized with the Yoast SEO plugin v27.2 - https:\/\/yoast.com\/product\/yoast-seo-wordpress\/ -->\n<title>Compagnie de marbre de G\u00e9orgie - Polycor Inc.<\/title>\n<meta name=\"robots\" content=\"noindex, follow, max-snippet:-1, max-image-preview:large, max-video-preview:-1\" \/>\n<meta property=\"og:locale\" content=\"fr_CA\" \/>\n<meta property=\"og:type\" content=\"article\" \/>\n<meta property=\"og:title\" content=\"Compagnie de marbre de G\u00e9orgie - Polycor Inc.\" \/>\n<meta property=\"og:description\" content=\"En 1835, une formation de marbre blanc \u00e9tincelant a attir\u00e9 l&rsquo;attention d&rsquo;un tailleur de pierre irlandais, Henry T. Fitzsimmons, dans les contreforts du nord de la G\u00e9orgie. Il a rapidement commenc\u00e9 une petite op\u00e9ration d&rsquo;extraction dans une ville qui portait le nom appropri\u00e9 de Marble Hill. Apr\u00e8s avoir construit un modeste moulin pour fabriquer des...\" \/>\n<meta property=\"og:url\" content=\"https:\/\/dev2.polycor.com\/fr-ca\/marques-patrimoniales\/compagnie-de-marbre-de-georgie\/\" \/>\n<meta property=\"og:site_name\" content=\"Polycor Inc.\" \/>\n<meta property=\"article:modified_time\" content=\"2023-06-01T19:12:02+00:00\" \/>\n<meta property=\"og:image\" content=\"https:\/\/dev2.polycor.com\/wp-content\/uploads\/2023\/04\/Georgia-Marble-Company-Polycor-Inc.jpg\" \/>\n\t<meta property=\"og:image:width\" content=\"1230\" \/>\n\t<meta property=\"og:image:height\" content=\"624\" \/>\n\t<meta property=\"og:image:type\" content=\"image\/jpeg\" \/>\n<meta name=\"twitter:card\" content=\"summary_large_image\" \/>\n<meta name=\"twitter:label1\" content=\"Estimation du temps de lecture\" \/>\n\t<meta name=\"twitter:data1\" content=\"2 minutes\" \/>\n<script type=\"application\/ld+json\" class=\"yoast-schema-graph\">{\"@context\":\"https:\/\/schema.org\",\"@graph\":[{\"@type\":\"WebPage\",\"@id\":\"https:\/\/dev2.polycor.com\/fr-ca\/marques-patrimoniales\/compagnie-de-marbre-de-georgie\/\",\"url\":\"https:\/\/dev2.polycor.com\/fr-ca\/marques-patrimoniales\/compagnie-de-marbre-de-georgie\/\",\"name\":\"Compagnie de marbre de G\u00e9orgie - Polycor Inc.\",\"isPartOf\":{\"@id\":\"https:\/\/dev2.polycor.com\/fr-ca\/#website\"},\"primaryImageOfPage\":{\"@id\":\"https:\/\/dev2.polycor.com\/fr-ca\/marques-patrimoniales\/compagnie-de-marbre-de-georgie\/#primaryimage\"},\"image\":{\"@id\":\"https:\/\/dev2.polycor.com\/fr-ca\/marques-patrimoniales\/compagnie-de-marbre-de-georgie\/#primaryimage\"},\"thumbnailUrl\":\"https:\/\/dev2.polycor.com\/wp-content\/uploads\/2023\/04\/Georgia-Marble-Company-Polycor-Inc.jpg\",\"datePublished\":\"2023-04-21T21:08:11+00:00\",\"dateModified\":\"2023-06-01T19:12:02+00:00\",\"breadcrumb\":{\"@id\":\"https:\/\/dev2.polycor.com\/fr-ca\/marques-patrimoniales\/compagnie-de-marbre-de-georgie\/#breadcrumb\"},\"inLanguage\":\"fr-CA\",\"potentialAction\":[{\"@type\":\"ReadAction\",\"target\":[\"https:\/\/dev2.polycor.com\/fr-ca\/marques-patrimoniales\/compagnie-de-marbre-de-georgie\/\"]}]},{\"@type\":\"ImageObject\",\"inLanguage\":\"fr-CA\",\"@id\":\"https:\/\/dev2.polycor.com\/fr-ca\/marques-patrimoniales\/compagnie-de-marbre-de-georgie\/#primaryimage\",\"url\":\"https:\/\/dev2.polycor.com\/wp-content\/uploads\/2023\/04\/Georgia-Marble-Company-Polycor-Inc.jpg\",\"contentUrl\":\"https:\/\/dev2.polycor.com\/wp-content\/uploads\/2023\/04\/Georgia-Marble-Company-Polycor-Inc.jpg\",\"width\":1230,\"height\":624},{\"@type\":\"BreadcrumbList\",\"@id\":\"https:\/\/dev2.polycor.com\/fr-ca\/marques-patrimoniales\/compagnie-de-marbre-de-georgie\/#breadcrumb\",\"itemListElement\":[{\"@type\":\"ListItem\",\"position\":1,\"name\":\"Home\",\"item\":\"https:\/\/dev2.polycor.com\/fr-ca\/\"},{\"@type\":\"ListItem\",\"position\":2,\"name\":\"Marques patrimoniales\",\"item\":\"https:\/\/dev2.polycor.com\/fr-ca\/legacy-brands\/\"},{\"@type\":\"ListItem\",\"position\":3,\"name\":\"Compagnie de marbre de G\u00e9orgie\"}]},{\"@type\":\"WebSite\",\"@id\":\"https:\/\/dev2.polycor.com\/fr-ca\/#website\",\"url\":\"https:\/\/dev2.polycor.com\/fr-ca\/\",\"name\":\"Polycor Inc.\",\"description\":\"The Largest Portfolio of Natural Stone in North America\",\"publisher\":{\"@id\":\"https:\/\/dev2.polycor.com\/fr-ca\/#organization\"},\"potentialAction\":[{\"@type\":\"SearchAction\",\"target\":{\"@type\":\"EntryPoint\",\"urlTemplate\":\"https:\/\/dev2.polycor.com\/fr-ca\/?s={search_term_string}\"},\"query-input\":{\"@type\":\"PropertyValueSpecification\",\"valueRequired\":true,\"valueName\":\"search_term_string\"}}],\"inLanguage\":\"fr-CA\"},{\"@type\":\"Organization\",\"@id\":\"https:\/\/dev2.polycor.com\/fr-ca\/#organization\",\"name\":\"Polycor Inc.\",\"url\":\"https:\/\/dev2.polycor.com\/fr-ca\/\",\"logo\":{\"@type\":\"ImageObject\",\"inLanguage\":\"fr-CA\",\"@id\":\"https:\/\/dev2.polycor.com\/fr-ca\/#\/schema\/logo\/image\/\",\"url\":\"https:\/\/dev2.polycor.com\/wp-content\/uploads\/2023\/05\/pol-logo-fr.svg\",\"contentUrl\":\"https:\/\/dev2.polycor.com\/wp-content\/uploads\/2023\/05\/pol-logo-fr.svg\",\"width\":758,\"height\":148,\"caption\":\"Polycor Inc.\"},\"image\":{\"@id\":\"https:\/\/dev2.polycor.com\/fr-ca\/#\/schema\/logo\/image\/\"}}]}<\/script>\n<!-- \/ Yoast SEO plugin. -->","yoast_head_json":{"title":"Compagnie de marbre de G\u00e9orgie - Polycor Inc.","robots":{"index":"noindex","follow":"follow","max-snippet":"max-snippet:-1","max-image-preview":"max-image-preview:large","max-video-preview":"max-video-preview:-1"},"og_locale":"fr_CA","og_type":"article","og_title":"Compagnie de marbre de G\u00e9orgie - Polycor Inc.","og_description":"En 1835, une formation de marbre blanc \u00e9tincelant a attir\u00e9 l&rsquo;attention d&rsquo;un tailleur de pierre irlandais, Henry T. Fitzsimmons, dans les contreforts du nord de la G\u00e9orgie. Il a rapidement commenc\u00e9 une petite op\u00e9ration d&rsquo;extraction dans une ville qui portait le nom appropri\u00e9 de Marble Hill. Apr\u00e8s avoir construit un modeste moulin pour fabriquer des...","og_url":"https:\/\/dev2.polycor.com\/fr-ca\/marques-patrimoniales\/compagnie-de-marbre-de-georgie\/","og_site_name":"Polycor Inc.","article_modified_time":"2023-06-01T19:12:02+00:00","og_image":[{"width":1230,"height":624,"url":"https:\/\/dev2.polycor.com\/wp-content\/uploads\/2023\/04\/Georgia-Marble-Company-Polycor-Inc.jpg","type":"image\/jpeg"}],"twitter_card":"summary_large_image","twitter_misc":{"Estimation du temps de lecture":"2 minutes"},"schema":{"@context":"https:\/\/schema.org","@graph":[{"@type":"WebPage","@id":"https:\/\/dev2.polycor.com\/fr-ca\/marques-patrimoniales\/compagnie-de-marbre-de-georgie\/","url":"https:\/\/dev2.polycor.com\/fr-ca\/marques-patrimoniales\/compagnie-de-marbre-de-georgie\/","name":"Compagnie de marbre de G\u00e9orgie - Polycor Inc.","isPartOf":{"@id":"https:\/\/dev2.polycor.com\/fr-ca\/#website"},"primaryImageOfPage":{"@id":"https:\/\/dev2.polycor.com\/fr-ca\/marques-patrimoniales\/compagnie-de-marbre-de-georgie\/#primaryimage"},"image":{"@id":"https:\/\/dev2.polycor.com\/fr-ca\/marques-patrimoniales\/compagnie-de-marbre-de-georgie\/#primaryimage"},"thumbnailUrl":"https:\/\/dev2.polycor.com\/wp-content\/uploads\/2023\/04\/Georgia-Marble-Company-Polycor-Inc.jpg","datePublished":"2023-04-21T21:08:11+00:00","dateModified":"2023-06-01T19:12:02+00:00","breadcrumb":{"@id":"https:\/\/dev2.polycor.com\/fr-ca\/marques-patrimoniales\/compagnie-de-marbre-de-georgie\/#breadcrumb"},"inLanguage":"fr-CA","potentialAction":[{"@type":"ReadAction","target":["https:\/\/dev2.polycor.com\/fr-ca\/marques-patrimoniales\/compagnie-de-marbre-de-georgie\/"]}]},{"@type":"ImageObject","inLanguage":"fr-CA","@id":"https:\/\/dev2.polycor.com\/fr-ca\/marques-patrimoniales\/compagnie-de-marbre-de-georgie\/#primaryimage","url":"https:\/\/dev2.polycor.com\/wp-content\/uploads\/2023\/04\/Georgia-Marble-Company-Polycor-Inc.jpg","contentUrl":"https:\/\/dev2.polycor.com\/wp-content\/uploads\/2023\/04\/Georgia-Marble-Company-Polycor-Inc.jpg","width":1230,"height":624},{"@type":"BreadcrumbList","@id":"https:\/\/dev2.polycor.com\/fr-ca\/marques-patrimoniales\/compagnie-de-marbre-de-georgie\/#breadcrumb","itemListElement":[{"@type":"ListItem","position":1,"name":"Home","item":"https:\/\/dev2.polycor.com\/fr-ca\/"},{"@type":"ListItem","position":2,"name":"Marques patrimoniales","item":"https:\/\/dev2.polycor.com\/fr-ca\/legacy-brands\/"},{"@type":"ListItem","position":3,"name":"Compagnie de marbre de G\u00e9orgie"}]},{"@type":"WebSite","@id":"https:\/\/dev2.polycor.com\/fr-ca\/#website","url":"https:\/\/dev2.polycor.com\/fr-ca\/","name":"Polycor Inc.","description":"The Largest Portfolio of Natural Stone in North America","publisher":{"@id":"https:\/\/dev2.polycor.com\/fr-ca\/#organization"},"potentialAction":[{"@type":"SearchAction","target":{"@type":"EntryPoint","urlTemplate":"https:\/\/dev2.polycor.com\/fr-ca\/?s={search_term_string}"},"query-input":{"@type":"PropertyValueSpecification","valueRequired":true,"valueName":"search_term_string"}}],"inLanguage":"fr-CA"},{"@type":"Organization","@id":"https:\/\/dev2.polycor.com\/fr-ca\/#organization","name":"Polycor Inc.","url":"https:\/\/dev2.polycor.com\/fr-ca\/","logo":{"@type":"ImageObject","inLanguage":"fr-CA","@id":"https:\/\/dev2.polycor.com\/fr-ca\/#\/schema\/logo\/image\/","url":"https:\/\/dev2.polycor.com\/wp-content\/uploads\/2023\/05\/pol-logo-fr.svg","contentUrl":"https:\/\/dev2.polycor.com\/wp-content\/uploads\/2023\/05\/pol-logo-fr.svg","width":758,"height":148,"caption":"Polycor Inc."},"image":{"@id":"https:\/\/dev2.polycor.com\/fr-ca\/#\/schema\/logo\/image\/"}}]}},"taxonomy_info":[],"featured_image_src_large":["https:\/\/dev2.polycor.com\/wp-content\/uploads\/2023\/04\/Georgia-Marble-Company-Polycor-Inc-1024x519.jpg",1024,519,true],"author_info":{"display_name":"Jim","author_link":"https:\/\/dev2.polycor.com\/fr-ca\/blog\/author\/jimt\/"},"comment_info":0,"_links":{"self":[{"href":"https:\/\/dev2.polycor.com\/fr-ca\/wp-json\/wp\/v2\/pages\/36050","targetHints":{"allow":["GET"]}}],"collection":[{"href":"https:\/\/dev2.polycor.com\/fr-ca\/wp-json\/wp\/v2\/pages"}],"about":[{"href":"https:\/\/dev2.polycor.com\/fr-ca\/wp-json\/wp\/v2\/types\/page"}],"author":[{"embeddable":true,"href":"https:\/\/dev2.polycor.com\/fr-ca\/wp-json\/wp\/v2\/users\/3"}],"replies":[{"embeddable":true,"href":"https:\/\/dev2.polycor.com\/fr-ca\/wp-json\/wp\/v2\/comments?post=36050"}],"version-history":[{"count":1,"href":"https:\/\/dev2.polycor.com\/fr-ca\/wp-json\/wp\/v2\/pages\/36050\/revisions"}],"predecessor-version":[{"id":42877,"href":"https:\/\/dev2.polycor.com\/fr-ca\/wp-json\/wp\/v2\/pages\/36050\/revisions\/42877"}],"up":[{"embeddable":true,"href":"https:\/\/dev2.polycor.com\/fr-ca\/wp-json\/wp\/v2\/pages\/36053"}],"wp:featuredmedia":[{"embeddable":true,"href":"https:\/\/dev2.polycor.com\/fr-ca\/wp-json\/wp\/v2\/media\/35400"}],"wp:attachment":[{"href":"https:\/\/dev2.polycor.com\/fr-ca\/wp-json\/wp\/v2\/media?parent=36050"}],"wp:term":[{"taxonomy":"materials","embeddable":true,"href":"https:\/\/dev2.polycor.com\/fr-ca\/wp-json\/wp\/v2\/materials?post=36050"},{"taxonomy":"project-tags","embeddable":true,"href":"https:\/\/dev2.polycor.com\/fr-ca\/wp-json\/wp\/v2\/project-tags?post=36050"},{"taxonomy":"resource_type","embeddable":true,"href":"https:\/\/dev2.polycor.com\/fr-ca\/wp-json\/wp\/v2\/resource_type?post=36050"},{"taxonomy":"sites","embeddable":true,"href":"https:\/\/dev2.polycor.com\/fr-ca\/wp-json\/wp\/v2\/sites?post=36050"},{"taxonomy":"stone_tags","embeddable":true,"href":"https:\/\/dev2.polycor.com\/fr-ca\/wp-json\/wp\/v2\/stone_tags?post=36050"},{"taxonomy":"product-tax","embeddable":true,"href":"https:\/\/dev2.polycor.com\/fr-ca\/wp-json\/wp\/v2\/product-tax?post=36050"},{"taxonomy":"application-tax","embeddable":true,"href":"https:\/\/dev2.polycor.com\/fr-ca\/wp-json\/wp\/v2\/application-tax?post=36050"}],"curies":[{"name":"wp","href":"https:\/\/api.w.org\/{rel}","templated":true}]}}