{"id":36051,"date":"2023-04-21T16:59:18","date_gmt":"2023-04-21T16:59:18","guid":{"rendered":"https:\/\/www.polycor.com\/compagnie-de-calcaire-de-indiana\/"},"modified":"2023-06-15T16:43:25","modified_gmt":"2023-06-15T16:43:25","slug":"compagnie-de-calcaire-de-indiana","status":"publish","type":"page","link":"https:\/\/dev2.polycor.com\/fr-ca\/marques-patrimoniales\/compagnie-de-calcaire-de-indiana\/","title":{"rendered":"Compagnie de calcaire de l&rsquo;Indiana"},"content":{"rendered":"\n<div class=\"wp-block-cover alignfull is-light\"><span aria-hidden=\"true\" class=\"wp-block-cover__background has-background-dim-100 has-background-dim has-background-gradient has-black-max-30-opacity-gradient-background\"><\/span><img loading=\"lazy\" decoding=\"async\" width=\"1200\" height=\"554\" src=\"https:\/\/dev2.polycor.com\/wp-content\/uploads\/2023\/04\/Indiana-Limestone-Quarry-Pano-v2.jpg\" class=\"wp-block-cover__image-background wp-post-image\" alt=\"\" data-object-fit=\"cover\" srcset=\"https:\/\/dev2.polycor.com\/wp-content\/uploads\/2023\/04\/Indiana-Limestone-Quarry-Pano-v2.jpg 1200w, https:\/\/dev2.polycor.com\/wp-content\/uploads\/2023\/04\/Indiana-Limestone-Quarry-Pano-v2-300x139.jpg 300w, https:\/\/dev2.polycor.com\/wp-content\/uploads\/2023\/04\/Indiana-Limestone-Quarry-Pano-v2-1024x473.jpg 1024w, https:\/\/dev2.polycor.com\/wp-content\/uploads\/2023\/04\/Indiana-Limestone-Quarry-Pano-v2-1024x473.jpg 768w, https:\/\/dev2.polycor.com\/wp-content\/uploads\/2023\/04\/Indiana-Limestone-Quarry-Pano-v2-1024x473.jpg 600w\" sizes=\"auto, (max-width: 1200px) 100vw, 1200px\" \/><div class=\"wp-block-cover__inner-container is-layout-flow wp-block-cover-is-layout-flow\">\n<h1 class=\"wp-block-heading has-text-align-center\">Compagnie de calcaire de l&rsquo;Indiana<\/h1>\n\n\n\n<p class=\"has-text-align-center has-medium-font-size\">Bloomington, Indiana<\/p>\n\n\n\n<hr class=\"wp-block-separator has-alpha-channel-opacity is-style-yellow-line-horizontal\"\/>\n<\/div><\/div>\n\n\n\n<div style=\"height:50px\" aria-hidden=\"true\" class=\"wp-block-spacer\"><\/div>\n\n\n\n<div class=\"wp-block-columns is-layout-flex wp-container-core-columns-is-layout-9d6595d7 wp-block-columns-is-layout-flex\">\n<div class=\"wp-block-column is-layout-flow wp-block-column-is-layout-flow\" style=\"flex-basis:20%\"><\/div>\n\n\n\n<div class=\"wp-block-column is-layout-flow wp-block-column-is-layout-flow\" style=\"flex-basis:60%\"><div class=\"wp-block-image\">\n<figure class=\"aligncenter size-large\"><img loading=\"lazy\" decoding=\"async\" width=\"1024\" height=\"375\" src=\"https:\/\/www.dev2.polycor.com\/wp-content\/uploads\/2023\/04\/logo-indiana-limestone-company-1024x375.png\" alt=\"\" class=\"wp-image-30877\" srcset=\"https:\/\/dev2.polycor.com\/wp-content\/uploads\/2023\/04\/logo-indiana-limestone-company-1024x375.png 1024w, https:\/\/dev2.polycor.com\/wp-content\/uploads\/2023\/04\/logo-indiana-limestone-company-300x110.png 300w, https:\/\/dev2.polycor.com\/wp-content\/uploads\/2023\/04\/logo-indiana-limestone-company-1024x375.png 768w, https:\/\/dev2.polycor.com\/wp-content\/uploads\/2023\/04\/logo-indiana-limestone-company-1024x375.png 600w, https:\/\/dev2.polycor.com\/wp-content\/uploads\/2023\/04\/logo-indiana-limestone-company.png 1088w\" sizes=\"auto, (max-width: 1024px) 100vw, 1024px\" \/><\/figure>\n<\/div>\n\n\n<div style=\"height:25px\" aria-hidden=\"true\" class=\"wp-block-spacer\"><\/div>\n\n\n\n<p>Depuis pr\u00e8s d&rsquo;un si\u00e8cle, la compagnie de calcaire de l&rsquo;Indiana s&rsquo;est m\u00e9rit\u00e9e une r\u00e9putation estim\u00e9e en tant que fournisseur principal de calcaire d&rsquo;Indiana dans une belle gamme de produits de construction durables. Fond\u00e9e en 1926 (avec des entreprises pr\u00e9d\u00e9cesseurs qui exploitaient des carri\u00e8res de calcaire depuis le milieu des ann\u00e9es 1800), la compagnie de calcaire de l&rsquo;Indiana est devenue le fournisseur de choix pour cette pierre naturelle renomm\u00e9e internationalement. Tout au long d&rsquo;une histoire illustre dans laquelle cette pierre a construit des structures embl\u00e9matiques telles que l&rsquo;Empire State Building, la cath\u00e9drale nationale et le Pentagone, la compagnie de calcaire de l&rsquo;Indiana a toujours fourni des produits et des services de la plus haute qualit\u00e9 soigneusement adapt\u00e9s aux besoins des march\u00e9s avec une attention port\u00e9e vers la nature et l&rsquo;environnement.<\/p>\n\n\n\n<p>La compagnie de pierre naturelle Indiana Limestone \u00e9tait une marque reconnue \u00e0 l&rsquo;\u00e9chelle nationale dans l&rsquo;industrie de la pierre naturelle en Am\u00e9rique du Nord, avec sa pierre \u00e9tant utilis\u00e9e dans la construction de certains des b\u00e2timents et monuments les plus embl\u00e9matiques aux \u00c9tats-Unis et \u00e0 l&rsquo;\u00e9tranger. Bas\u00e9e \u00e0 Bloomington, Indiana, avec des carri\u00e8res \u00e0 travers les ceintures r\u00e9gionales, ILCO \u00e9tait consid\u00e9r\u00e9e comme le fabricant de calcaire le plus fiable avec une large gamme de produits de ma\u00e7onnerie et d&rsquo;am\u00e9nagement paysager en pierre naturelle pour une utilisation dans les utilisations r\u00e9sidentielles, commerciales, institutionnelles et de r\u00e9novation.<\/p>\n\n\n\n<p>Depuis sa fondation, Indiana Limestone Company a continu\u00e9 sa croissance et a \u00e9volu\u00e9 avec les technologies et les march\u00e9s changeants. Aujourd&rsquo;hui, ILCO est fier de faire partie de la famille des marques de Polycor, ayant \u00e9t\u00e9 acquise par l&rsquo;entreprise canadienne Polycor, la plus grande entreprise de carri\u00e8re de pierre de dimension au monde, en 2018. Rien n&rsquo;a chang\u00e9 du point de vue des op\u00e9rations et du service, et vous pouvez continuer \u00e0 vous attendre au m\u00eame niveau de qualit\u00e9 et de confiance qui a \u00e9t\u00e9 la fondation d&rsquo;Indiana Limestone Company et qui est partag\u00e9 collectivement par Polycor au sein de toutes ses marques familiales.<\/p>\n<\/div>\n\n\n\n<div class=\"wp-block-column is-layout-flow wp-block-column-is-layout-flow\" style=\"flex-basis:20%\"><\/div>\n<\/div>\n\n\n<div id=\"stone-finishes-slider-block_a0d114e5262f79abfe80e64e25f4ed0c\" class=\"ibf-stone-finishes-slider stone-finishes-slider-container\">\n          <div class=\"stone-finishes-card\">\n          <a href=\"https:\/\/dev2.polycor.com\/stones\/indiana-limestone-fossil-beige\/\" class=\"stone-card-image-and-title-container \">\n                          <div class=\"stone-card-image\" style=\"background: url('https:\/\/dev2.polycor.com\/wp-content\/uploads\/2023\/03\/indiana-limestone-fossil-beige-honed-rect-lg-1-1-1-scaled.jpg') no-repeat center\/150%\"><\/div>\n                        <h5 class=\"stone-card-title\">INDIANA LIMESTONE &#8211; FOSSIL BEIGE\u2122<\/h5>\n          <\/a>\n                      <p class=\"stone-material-text\">Limestone<\/p>\n                            <\/div>\n              <div class=\"stone-finishes-card\">\n          <a href=\"https:\/\/dev2.polycor.com\/stones\/indiana-limestone-full-color-blend\/\" class=\"stone-card-image-and-title-container \">\n                          <div class=\"stone-card-image\" style=\"background: url('https:\/\/dev2.polycor.com\/wp-content\/uploads\/2023\/03\/indiana-limestone-full-color-blend-honed-1-scaled.jpg') no-repeat center\/150%\"><\/div>\n                        <h5 class=\"stone-card-title\">INDIANA LIMESTONE &#8211; FULL COLOR BLEND\u2122<\/h5>\n          <\/a>\n                      <p class=\"stone-material-text\">Limestone<\/p>\n                            <\/div>\n              <div class=\"stone-finishes-card\">\n          <a href=\"https:\/\/dev2.polycor.com\/stones\/indiana-limestone-rustic-buff\/\" class=\"stone-card-image-and-title-container \">\n                          <div class=\"stone-card-image\" style=\"background: url('https:\/\/dev2.polycor.com\/wp-content\/uploads\/2023\/02\/indiana-limestone-rustic-buff-e1553178163536-1.jpg') no-repeat center\/150%\"><\/div>\n                        <h5 class=\"stone-card-title\">INDIANA LIMESTONE &#8211; RUSTIC BUFF\u2122<\/h5>\n          <\/a>\n                      <p class=\"stone-material-text\">Limestone<\/p>\n                            <\/div>\n              <div class=\"stone-finishes-card\">\n          <a href=\"https:\/\/dev2.polycor.com\/stones\/indiana-limestone-rustic-gray\/\" class=\"stone-card-image-and-title-container \">\n                          <div class=\"stone-card-image\" style=\"background: url('https:\/\/dev2.polycor.com\/wp-content\/uploads\/2023\/02\/indiana-limestone-rustic-gray-e1553178048770-1.jpg') no-repeat center\/150%\"><\/div>\n                        <h5 class=\"stone-card-title\">INDIANA LIMESTONE &#8211; RUSTIC GRAY\u2122<\/h5>\n          <\/a>\n                      <p class=\"stone-material-text\">Limestone<\/p>\n                            <\/div>\n              <div class=\"stone-finishes-card\">\n          <a href=\"https:\/\/dev2.polycor.com\/stones\/indiana-limestone-standard-buff\/\" class=\"stone-card-image-and-title-container \">\n                          <div class=\"stone-card-image\" style=\"background: url('https:\/\/dev2.polycor.com\/wp-content\/uploads\/2023\/02\/indiana-limestone-standard-buff-honed-2-1.jpg') no-repeat center\/150%\"><\/div>\n                        <h5 class=\"stone-card-title\">INDIANA LIMESTONE &#8211; STANDARD BUFF\u2122<\/h5>\n          <\/a>\n                      <p class=\"stone-material-text\">Limestone<\/p>\n                            <\/div>\n              <div class=\"stone-finishes-card\">\n          <a href=\"https:\/\/dev2.polycor.com\/stones\/indiana-limestone-standard-gray\/\" class=\"stone-card-image-and-title-container \">\n                          <div class=\"stone-card-image\" style=\"background: url('https:\/\/dev2.polycor.com\/wp-content\/uploads\/2023\/02\/indiana-limestone-standard-gray-1.jpg') no-repeat center\/150%\"><\/div>\n                        <h5 class=\"stone-card-title\">INDIANA LIMESTONE &#8211; STANDARD GRAY\u2122<\/h5>\n          <\/a>\n                      <p class=\"stone-material-text\">Limestone<\/p>\n                            <\/div>\n              <div class=\"stone-finishes-card\">\n          <a href=\"https:\/\/dev2.polycor.com\/stones\/indiana-limestone-standard-silver-buff\/\" class=\"stone-card-image-and-title-container \">\n                          <div class=\"stone-card-image\" style=\"background: url('https:\/\/dev2.polycor.com\/wp-content\/uploads\/2023\/02\/indiana-limestone-standard-silver-buff-honed-2-1.jpg') no-repeat center\/150%\"><\/div>\n                        <h5 class=\"stone-card-title\">INDIANA LIMESTONE &#8211; STANDARD SILVER BUFF\u2122<\/h5>\n          <\/a>\n                      <p class=\"stone-material-text\">Limestone<\/p>\n                            <\/div>\n      <\/div>\n<style>\n.ibf-stone-finishes-slider.stone-finishes-slider-container .flickity-button.flickity-prev-next-button {\n  background: url(\"https:\/\/dev2.polycor.com\/wp-content\/plugins\/if-blocks\/\/blocks\/stone-finishes-slider\/assets\/img\/slider-arrow-left.svg\") no-repeat center;\n}\n\n.ibf-stone-finishes-slider.stone-finishes-slider-container .flickity-button.flickity-prev-next-button:disabled {\n  background: url(\"https:\/\/dev2.polycor.com\/wp-content\/plugins\/if-blocks\/\/blocks\/stone-finishes-slider\/assets\/img\/slider-arrow-left-disabled.svg\") no-repeat center;\n  background-size: contain;\n}\n\n.stone-finishes-card .stone-card-image-and-title-container {\n    position: relative;\n}\n\n.stone-finishes-card .stone-card-image-and-title-container.is-new:after {\n    content: \"New\";\n    position: absolute;\n    top: 0;\n    left: 0;\n    height: 25px;\n    width: 45px;\n    padding-left: 3px;\n    color: white;\n    background-color: #eeb310;\n    border-bottom-right-radius: 5px;\n    font-weight: bold;\n}\n<\/style>\n\n\n\n<div style=\"height:50px\" aria-hidden=\"true\" class=\"wp-block-spacer\"><\/div>\n\n\n\n<div class=\"wp-block-buttons is-content-justification-center is-layout-flex wp-container-core-buttons-is-layout-16018d1d wp-block-buttons-is-layout-flex\">\n<div class=\"wp-block-button\"><a class=\"wp-block-button__link wp-element-button\" href=\"\/fr-ca\/pierres\/\">VOIR TOUTES LES PIERRES POLYCOR<\/a><\/div>\n<\/div>\n\n\n\n<div style=\"height:50px\" aria-hidden=\"true\" class=\"wp-block-spacer\"><\/div>\n<div class=\"internal-search-metadata\"><p>compagnie-de-calcaire-de-indiana, page<\/p><\/div>","protected":false},"excerpt":{"rendered":"<p>Depuis pr\u00e8s d&rsquo;un si\u00e8cle, la compagnie de calcaire de l&rsquo;Indiana s&rsquo;est m\u00e9rit\u00e9e une r\u00e9putation estim\u00e9e en tant que fournisseur principal de calcaire d&rsquo;Indiana dans une belle gamme de produits de construction durables. Fond\u00e9e en 1926 (avec des entreprises pr\u00e9d\u00e9cesseurs qui exploitaient des carri\u00e8res de calcaire depuis le milieu des ann\u00e9es 1800), la compagnie de calcaire&#8230;<\/p>\n","protected":false},"author":3,"featured_media":35402,"parent":36053,"menu_order":0,"comment_status":"closed","ping_status":"closed","template":"","meta":{"_acf_changed":false,"content-type":"","_kad_blocks_custom_css":"","_kad_blocks_head_custom_js":"","_kad_blocks_body_custom_js":"","_kad_blocks_footer_custom_js":"","_kad_post_transparent":"","_kad_post_title":"","_kad_post_layout":"","_kad_post_sidebar_id":"","_kad_post_content_style":"","_kad_post_vertical_padding":"","_kad_post_feature":"","_kad_post_feature_position":"","_kad_post_header":false,"_kad_post_footer":false,"_kad_post_classname":"","footnotes":""},"materials":[],"project-tags":[],"resource_type":[],"sites":[],"stone_tags":[],"product-tax":[],"application-tax":[],"class_list":["post-36051","page","type-page","status-publish","has-post-thumbnail","hentry"],"acf":[],"yoast_head":"<!-- This site is optimized with the Yoast SEO plugin v27.2 - https:\/\/yoast.com\/product\/yoast-seo-wordpress\/ -->\n<title>Compagnie de calcaire de l&#039;Indiana - Polycor Inc.<\/title>\n<meta name=\"robots\" content=\"noindex, follow, max-snippet:-1, max-image-preview:large, max-video-preview:-1\" \/>\n<meta property=\"og:locale\" content=\"fr_CA\" \/>\n<meta property=\"og:type\" content=\"article\" \/>\n<meta property=\"og:title\" content=\"Compagnie de calcaire de l&#039;Indiana - Polycor Inc.\" \/>\n<meta property=\"og:description\" content=\"Depuis pr\u00e8s d&rsquo;un si\u00e8cle, la compagnie de calcaire de l&rsquo;Indiana s&rsquo;est m\u00e9rit\u00e9e une r\u00e9putation estim\u00e9e en tant que fournisseur principal de calcaire d&rsquo;Indiana dans une belle gamme de produits de construction durables. Fond\u00e9e en 1926 (avec des entreprises pr\u00e9d\u00e9cesseurs qui exploitaient des carri\u00e8res de calcaire depuis le milieu des ann\u00e9es 1800), la compagnie de calcaire...\" \/>\n<meta property=\"og:url\" content=\"https:\/\/dev2.polycor.com\/fr-ca\/marques-patrimoniales\/compagnie-de-calcaire-de-indiana\/\" \/>\n<meta property=\"og:site_name\" content=\"Polycor Inc.\" \/>\n<meta property=\"article:modified_time\" content=\"2023-06-15T16:43:25+00:00\" \/>\n<meta property=\"og:image\" content=\"https:\/\/dev2.polycor.com\/wp-content\/uploads\/2023\/04\/Indiana-Limestone-Quarry-Pano-v2.jpg\" \/>\n\t<meta property=\"og:image:width\" content=\"1200\" \/>\n\t<meta property=\"og:image:height\" content=\"554\" \/>\n\t<meta property=\"og:image:type\" content=\"image\/jpeg\" \/>\n<meta name=\"twitter:card\" content=\"summary_large_image\" \/>\n<meta name=\"twitter:label1\" content=\"Estimation du temps de lecture\" \/>\n\t<meta name=\"twitter:data1\" content=\"2 minutes\" \/>\n<script type=\"application\/ld+json\" class=\"yoast-schema-graph\">{\"@context\":\"https:\/\/schema.org\",\"@graph\":[{\"@type\":\"WebPage\",\"@id\":\"https:\/\/dev2.polycor.com\/fr-ca\/marques-patrimoniales\/compagnie-de-calcaire-de-indiana\/\",\"url\":\"https:\/\/dev2.polycor.com\/fr-ca\/marques-patrimoniales\/compagnie-de-calcaire-de-indiana\/\",\"name\":\"Compagnie de calcaire de l'Indiana - Polycor Inc.\",\"isPartOf\":{\"@id\":\"https:\/\/dev2.polycor.com\/fr-ca\/#website\"},\"primaryImageOfPage\":{\"@id\":\"https:\/\/dev2.polycor.com\/fr-ca\/marques-patrimoniales\/compagnie-de-calcaire-de-indiana\/#primaryimage\"},\"image\":{\"@id\":\"https:\/\/dev2.polycor.com\/fr-ca\/marques-patrimoniales\/compagnie-de-calcaire-de-indiana\/#primaryimage\"},\"thumbnailUrl\":\"https:\/\/dev2.polycor.com\/wp-content\/uploads\/2023\/04\/Indiana-Limestone-Quarry-Pano-v2.jpg\",\"datePublished\":\"2023-04-21T16:59:18+00:00\",\"dateModified\":\"2023-06-15T16:43:25+00:00\",\"breadcrumb\":{\"@id\":\"https:\/\/dev2.polycor.com\/fr-ca\/marques-patrimoniales\/compagnie-de-calcaire-de-indiana\/#breadcrumb\"},\"inLanguage\":\"fr-CA\",\"potentialAction\":[{\"@type\":\"ReadAction\",\"target\":[\"https:\/\/dev2.polycor.com\/fr-ca\/marques-patrimoniales\/compagnie-de-calcaire-de-indiana\/\"]}]},{\"@type\":\"ImageObject\",\"inLanguage\":\"fr-CA\",\"@id\":\"https:\/\/dev2.polycor.com\/fr-ca\/marques-patrimoniales\/compagnie-de-calcaire-de-indiana\/#primaryimage\",\"url\":\"https:\/\/dev2.polycor.com\/wp-content\/uploads\/2023\/04\/Indiana-Limestone-Quarry-Pano-v2.jpg\",\"contentUrl\":\"https:\/\/dev2.polycor.com\/wp-content\/uploads\/2023\/04\/Indiana-Limestone-Quarry-Pano-v2.jpg\",\"width\":1200,\"height\":554},{\"@type\":\"BreadcrumbList\",\"@id\":\"https:\/\/dev2.polycor.com\/fr-ca\/marques-patrimoniales\/compagnie-de-calcaire-de-indiana\/#breadcrumb\",\"itemListElement\":[{\"@type\":\"ListItem\",\"position\":1,\"name\":\"Home\",\"item\":\"https:\/\/dev2.polycor.com\/fr-ca\/\"},{\"@type\":\"ListItem\",\"position\":2,\"name\":\"Marques patrimoniales\",\"item\":\"https:\/\/dev2.polycor.com\/fr-ca\/legacy-brands\/\"},{\"@type\":\"ListItem\",\"position\":3,\"name\":\"Compagnie de calcaire de l&#8217;Indiana\"}]},{\"@type\":\"WebSite\",\"@id\":\"https:\/\/dev2.polycor.com\/fr-ca\/#website\",\"url\":\"https:\/\/dev2.polycor.com\/fr-ca\/\",\"name\":\"Polycor Inc.\",\"description\":\"The Largest Portfolio of Natural Stone in North America\",\"publisher\":{\"@id\":\"https:\/\/dev2.polycor.com\/fr-ca\/#organization\"},\"potentialAction\":[{\"@type\":\"SearchAction\",\"target\":{\"@type\":\"EntryPoint\",\"urlTemplate\":\"https:\/\/dev2.polycor.com\/fr-ca\/?s={search_term_string}\"},\"query-input\":{\"@type\":\"PropertyValueSpecification\",\"valueRequired\":true,\"valueName\":\"search_term_string\"}}],\"inLanguage\":\"fr-CA\"},{\"@type\":\"Organization\",\"@id\":\"https:\/\/dev2.polycor.com\/fr-ca\/#organization\",\"name\":\"Polycor Inc.\",\"url\":\"https:\/\/dev2.polycor.com\/fr-ca\/\",\"logo\":{\"@type\":\"ImageObject\",\"inLanguage\":\"fr-CA\",\"@id\":\"https:\/\/dev2.polycor.com\/fr-ca\/#\/schema\/logo\/image\/\",\"url\":\"https:\/\/dev2.polycor.com\/wp-content\/uploads\/2023\/05\/pol-logo-fr.svg\",\"contentUrl\":\"https:\/\/dev2.polycor.com\/wp-content\/uploads\/2023\/05\/pol-logo-fr.svg\",\"width\":758,\"height\":148,\"caption\":\"Polycor Inc.\"},\"image\":{\"@id\":\"https:\/\/dev2.polycor.com\/fr-ca\/#\/schema\/logo\/image\/\"}}]}<\/script>\n<!-- \/ Yoast SEO plugin. -->","yoast_head_json":{"title":"Compagnie de calcaire de l'Indiana - Polycor Inc.","robots":{"index":"noindex","follow":"follow","max-snippet":"max-snippet:-1","max-image-preview":"max-image-preview:large","max-video-preview":"max-video-preview:-1"},"og_locale":"fr_CA","og_type":"article","og_title":"Compagnie de calcaire de l'Indiana - Polycor Inc.","og_description":"Depuis pr\u00e8s d&rsquo;un si\u00e8cle, la compagnie de calcaire de l&rsquo;Indiana s&rsquo;est m\u00e9rit\u00e9e une r\u00e9putation estim\u00e9e en tant que fournisseur principal de calcaire d&rsquo;Indiana dans une belle gamme de produits de construction durables. Fond\u00e9e en 1926 (avec des entreprises pr\u00e9d\u00e9cesseurs qui exploitaient des carri\u00e8res de calcaire depuis le milieu des ann\u00e9es 1800), la compagnie de calcaire...","og_url":"https:\/\/dev2.polycor.com\/fr-ca\/marques-patrimoniales\/compagnie-de-calcaire-de-indiana\/","og_site_name":"Polycor Inc.","article_modified_time":"2023-06-15T16:43:25+00:00","og_image":[{"width":1200,"height":554,"url":"https:\/\/dev2.polycor.com\/wp-content\/uploads\/2023\/04\/Indiana-Limestone-Quarry-Pano-v2.jpg","type":"image\/jpeg"}],"twitter_card":"summary_large_image","twitter_misc":{"Estimation du temps de lecture":"2 minutes"},"schema":{"@context":"https:\/\/schema.org","@graph":[{"@type":"WebPage","@id":"https:\/\/dev2.polycor.com\/fr-ca\/marques-patrimoniales\/compagnie-de-calcaire-de-indiana\/","url":"https:\/\/dev2.polycor.com\/fr-ca\/marques-patrimoniales\/compagnie-de-calcaire-de-indiana\/","name":"Compagnie de calcaire de l'Indiana - Polycor Inc.","isPartOf":{"@id":"https:\/\/dev2.polycor.com\/fr-ca\/#website"},"primaryImageOfPage":{"@id":"https:\/\/dev2.polycor.com\/fr-ca\/marques-patrimoniales\/compagnie-de-calcaire-de-indiana\/#primaryimage"},"image":{"@id":"https:\/\/dev2.polycor.com\/fr-ca\/marques-patrimoniales\/compagnie-de-calcaire-de-indiana\/#primaryimage"},"thumbnailUrl":"https:\/\/dev2.polycor.com\/wp-content\/uploads\/2023\/04\/Indiana-Limestone-Quarry-Pano-v2.jpg","datePublished":"2023-04-21T16:59:18+00:00","dateModified":"2023-06-15T16:43:25+00:00","breadcrumb":{"@id":"https:\/\/dev2.polycor.com\/fr-ca\/marques-patrimoniales\/compagnie-de-calcaire-de-indiana\/#breadcrumb"},"inLanguage":"fr-CA","potentialAction":[{"@type":"ReadAction","target":["https:\/\/dev2.polycor.com\/fr-ca\/marques-patrimoniales\/compagnie-de-calcaire-de-indiana\/"]}]},{"@type":"ImageObject","inLanguage":"fr-CA","@id":"https:\/\/dev2.polycor.com\/fr-ca\/marques-patrimoniales\/compagnie-de-calcaire-de-indiana\/#primaryimage","url":"https:\/\/dev2.polycor.com\/wp-content\/uploads\/2023\/04\/Indiana-Limestone-Quarry-Pano-v2.jpg","contentUrl":"https:\/\/dev2.polycor.com\/wp-content\/uploads\/2023\/04\/Indiana-Limestone-Quarry-Pano-v2.jpg","width":1200,"height":554},{"@type":"BreadcrumbList","@id":"https:\/\/dev2.polycor.com\/fr-ca\/marques-patrimoniales\/compagnie-de-calcaire-de-indiana\/#breadcrumb","itemListElement":[{"@type":"ListItem","position":1,"name":"Home","item":"https:\/\/dev2.polycor.com\/fr-ca\/"},{"@type":"ListItem","position":2,"name":"Marques patrimoniales","item":"https:\/\/dev2.polycor.com\/fr-ca\/legacy-brands\/"},{"@type":"ListItem","position":3,"name":"Compagnie de calcaire de l&#8217;Indiana"}]},{"@type":"WebSite","@id":"https:\/\/dev2.polycor.com\/fr-ca\/#website","url":"https:\/\/dev2.polycor.com\/fr-ca\/","name":"Polycor Inc.","description":"The Largest Portfolio of Natural Stone in North America","publisher":{"@id":"https:\/\/dev2.polycor.com\/fr-ca\/#organization"},"potentialAction":[{"@type":"SearchAction","target":{"@type":"EntryPoint","urlTemplate":"https:\/\/dev2.polycor.com\/fr-ca\/?s={search_term_string}"},"query-input":{"@type":"PropertyValueSpecification","valueRequired":true,"valueName":"search_term_string"}}],"inLanguage":"fr-CA"},{"@type":"Organization","@id":"https:\/\/dev2.polycor.com\/fr-ca\/#organization","name":"Polycor Inc.","url":"https:\/\/dev2.polycor.com\/fr-ca\/","logo":{"@type":"ImageObject","inLanguage":"fr-CA","@id":"https:\/\/dev2.polycor.com\/fr-ca\/#\/schema\/logo\/image\/","url":"https:\/\/dev2.polycor.com\/wp-content\/uploads\/2023\/05\/pol-logo-fr.svg","contentUrl":"https:\/\/dev2.polycor.com\/wp-content\/uploads\/2023\/05\/pol-logo-fr.svg","width":758,"height":148,"caption":"Polycor Inc."},"image":{"@id":"https:\/\/dev2.polycor.com\/fr-ca\/#\/schema\/logo\/image\/"}}]}},"taxonomy_info":[],"featured_image_src_large":["https:\/\/dev2.polycor.com\/wp-content\/uploads\/2023\/04\/Indiana-Limestone-Quarry-Pano-v2-1024x473.jpg",1024,473,true],"author_info":{"display_name":"Jim","author_link":"https:\/\/dev2.polycor.com\/fr-ca\/blog\/author\/jimt\/"},"comment_info":0,"_links":{"self":[{"href":"https:\/\/dev2.polycor.com\/fr-ca\/wp-json\/wp\/v2\/pages\/36051","targetHints":{"allow":["GET"]}}],"collection":[{"href":"https:\/\/dev2.polycor.com\/fr-ca\/wp-json\/wp\/v2\/pages"}],"about":[{"href":"https:\/\/dev2.polycor.com\/fr-ca\/wp-json\/wp\/v2\/types\/page"}],"author":[{"embeddable":true,"href":"https:\/\/dev2.polycor.com\/fr-ca\/wp-json\/wp\/v2\/users\/3"}],"replies":[{"embeddable":true,"href":"https:\/\/dev2.polycor.com\/fr-ca\/wp-json\/wp\/v2\/comments?post=36051"}],"version-history":[{"count":4,"href":"https:\/\/dev2.polycor.com\/fr-ca\/wp-json\/wp\/v2\/pages\/36051\/revisions"}],"predecessor-version":[{"id":44802,"href":"https:\/\/dev2.polycor.com\/fr-ca\/wp-json\/wp\/v2\/pages\/36051\/revisions\/44802"}],"up":[{"embeddable":true,"href":"https:\/\/dev2.polycor.com\/fr-ca\/wp-json\/wp\/v2\/pages\/36053"}],"wp:featuredmedia":[{"embeddable":true,"href":"https:\/\/dev2.polycor.com\/fr-ca\/wp-json\/wp\/v2\/media\/35402"}],"wp:attachment":[{"href":"https:\/\/dev2.polycor.com\/fr-ca\/wp-json\/wp\/v2\/media?parent=36051"}],"wp:term":[{"taxonomy":"materials","embeddable":true,"href":"https:\/\/dev2.polycor.com\/fr-ca\/wp-json\/wp\/v2\/materials?post=36051"},{"taxonomy":"project-tags","embeddable":true,"href":"https:\/\/dev2.polycor.com\/fr-ca\/wp-json\/wp\/v2\/project-tags?post=36051"},{"taxonomy":"resource_type","embeddable":true,"href":"https:\/\/dev2.polycor.com\/fr-ca\/wp-json\/wp\/v2\/resource_type?post=36051"},{"taxonomy":"sites","embeddable":true,"href":"https:\/\/dev2.polycor.com\/fr-ca\/wp-json\/wp\/v2\/sites?post=36051"},{"taxonomy":"stone_tags","embeddable":true,"href":"https:\/\/dev2.polycor.com\/fr-ca\/wp-json\/wp\/v2\/stone_tags?post=36051"},{"taxonomy":"product-tax","embeddable":true,"href":"https:\/\/dev2.polycor.com\/fr-ca\/wp-json\/wp\/v2\/product-tax?post=36051"},{"taxonomy":"application-tax","embeddable":true,"href":"https:\/\/dev2.polycor.com\/fr-ca\/wp-json\/wp\/v2\/application-tax?post=36051"}],"curies":[{"name":"wp","href":"https:\/\/api.w.org\/{rel}","templated":true}]}}