{"id":36052,"date":"2023-04-21T16:40:30","date_gmt":"2023-04-21T20:40:30","guid":{"rendered":"https:\/\/www.polycor.com\/ncgranite\/"},"modified":"2025-03-24T21:07:28","modified_gmt":"2025-03-25T01:07:28","slug":"ncgranite","status":"publish","type":"page","link":"https:\/\/dev2.polycor.com\/fr-ca\/marques-patrimoniales\/ncgranite\/","title":{"rendered":"Corporation de granite de la Caroline du Nord"},"content":{"rendered":"\n<div class=\"wp-block-cover alignfull is-light\"><span aria-hidden=\"true\" class=\"wp-block-cover__background has-background-dim-100 has-background-dim has-background-gradient has-black-max-30-opacity-gradient-background\" style=\"background-color:#818c90\"><\/span><img loading=\"lazy\" decoding=\"async\" width=\"1024\" height=\"373\" src=\"https:\/\/dev2.polycor.com\/wp-content\/uploads\/2023\/04\/north-carolina-granite-corp.jpg\" class=\"wp-block-cover__image-background wp-post-image\" alt=\"\" data-object-fit=\"cover\" srcset=\"https:\/\/dev2.polycor.com\/wp-content\/uploads\/2023\/04\/north-carolina-granite-corp.jpg 1024w, https:\/\/dev2.polycor.com\/wp-content\/uploads\/2023\/04\/north-carolina-granite-corp-300x109.jpg 300w, https:\/\/dev2.polycor.com\/wp-content\/uploads\/2023\/04\/north-carolina-granite-corp.jpg 768w, https:\/\/dev2.polycor.com\/wp-content\/uploads\/2023\/04\/north-carolina-granite-corp.jpg 600w\" sizes=\"auto, (max-width: 1024px) 100vw, 1024px\" \/><div class=\"wp-block-cover__inner-container is-layout-flow wp-block-cover-is-layout-flow\">\n<h1 class=\"wp-block-heading has-text-align-center\">Corporation de granite de la Caroline du Nord<\/h1>\n\n\n\n<p class=\"has-text-align-center has-medium-font-size\">Mont Airy, Caroline du Nord<\/p>\n\n\n\n<hr class=\"wp-block-separator has-alpha-channel-opacity is-style-yellow-line-horizontal\"\/>\n<\/div><\/div>\n\n\n\n<div style=\"height:50px\" aria-hidden=\"true\" class=\"wp-block-spacer\"><\/div>\n\n\n\n<div class=\"wp-block-columns is-layout-flex wp-container-core-columns-is-layout-9d6595d7 wp-block-columns-is-layout-flex\">\n<div class=\"wp-block-column is-layout-flow wp-block-column-is-layout-flow\" style=\"flex-basis:20%\"><\/div>\n\n\n\n<div class=\"wp-block-column is-layout-flow wp-block-column-is-layout-flow\" style=\"flex-basis:60%\"><div class=\"wp-block-image\">\n<figure class=\"aligncenter size-full\"><img loading=\"lazy\" decoding=\"async\" width=\"1024\" height=\"416\" src=\"https:\/\/www.dev2.polycor.com\/wp-content\/uploads\/2023\/04\/logo-ncgranite.png\" alt=\"\" class=\"wp-image-30898\" srcset=\"https:\/\/dev2.polycor.com\/wp-content\/uploads\/2023\/04\/logo-ncgranite.png 1024w, https:\/\/dev2.polycor.com\/wp-content\/uploads\/2023\/04\/logo-ncgranite-300x122.png 300w, https:\/\/dev2.polycor.com\/wp-content\/uploads\/2023\/04\/logo-ncgranite.png 768w, https:\/\/dev2.polycor.com\/wp-content\/uploads\/2023\/04\/logo-ncgranite.png 600w\" sizes=\"auto, (max-width: 1024px) 100vw, 1024px\" \/><\/figure>\n<\/div>\n\n\n<div style=\"height:25px\" aria-hidden=\"true\" class=\"wp-block-spacer\"><\/div>\n\n\n\n<p>La Corporation de granite de la Caroline du Nord a \u00e9t\u00e9 fond\u00e9e sur le site de la c\u00e9l\u00e8bre carri\u00e8re de granite blanc de Mont Airy. Le premier acte enregistr\u00e9 qui incluait la carri\u00e8re remonte \u00e0 1780, lorsque M. Thomas Smith l&rsquo;a achet\u00e9 pour 50 shillings l&rsquo;acre.<\/p>\n\n\n\n<p>Cette carri\u00e8re a \u00e9t\u00e9 exploit\u00e9e pour la premi\u00e8re fois en 1743, bien avant la guerre r\u00e9volutionnaire par les Fr\u00e8res de l&rsquo;\u00c9glise morave qui \u00e9taient arriv\u00e9s dans cette r\u00e9gion en partant de l&rsquo;Allemagne. Les op\u00e9rations \u00e9taient limit\u00e9es \u00e0 l&rsquo;\u00e9poque en raison du manque d&rsquo;\u00e9quipement et de technologie. La propri\u00e9t\u00e9 du site de la carri\u00e8re a chang\u00e9 de mains \u00e0 plusieurs reprises au cours des cent prochaines ann\u00e9es jusqu&rsquo;en 1889, lorsque le chemin de fer Cape Fear and Yadkin Valley a \u00e9t\u00e9 construit de Greensboro \u00e0 Mont Airy.<\/p>\n\n\n\n<p>M. Thomas Woodroffe a \u00e9t\u00e9 choisi pour construire les gares le long de la nouvelle ligne de chemin de fer, et il a d\u00e9cid\u00e9 d&rsquo;utiliser la pierre de la carri\u00e8re du Mont Airy. Il a organis\u00e9 la North Carolina Granite Company (NCGC) le 14 mai 1889 et a achet\u00e9 le site de la carri\u00e8re. La carri\u00e8re est en op\u00e9ration continue depuis lors.<\/p>\n\n\n\n<p>Depuis, la NCGC a continu\u00e9 de cro\u00eetre et d&rsquo;\u00e9voluer avec la technologie et les march\u00e9s. Aujourd&rsquo;hui, la NCGC est fi\u00e8re de faire partie de la famille des marques de Polycor, ayant \u00e9t\u00e9 acquise par la plus grande entreprise de carri\u00e8res de pierre de dimension au monde en 2021. Rien n&rsquo;a chang\u00e9 du point de vue des op\u00e9rations et des services, et vous pouvez continuer \u00e0 vous attendre au m\u00eame niveau de qualit\u00e9 et de confiance qui a \u00e9t\u00e9 la fondation de NCGC et qui est partag\u00e9 par Polycor au sein de toutes ses marques familiales.<\/p>\n\n\n<div id=\"stone-finishes-slider-block_82325bc23ad1e70d4b629d3888d2a100\" class=\"ibf-stone-finishes-slider stones-cards-columns stone-finishes-slider-container\">\n          <div class=\"stone-finishes-card\">\n          <a href=\"https:\/\/dev2.polycor.com\/stones\/white-mount-airy-granite\/\" class=\"stone-card-image-and-title-container \">\n                          <div class=\"stone-card-image\" style=\"background: url('https:\/\/dev2.polycor.com\/wp-content\/uploads\/2023\/02\/white-mount-airy-granite-honed.png') no-repeat center\/150%\"><\/div>\n                        <h5 class=\"stone-card-title\">WHITE MOUNT AIRY GRANITE\u2122<\/h5>\n          <\/a>\n                      <p class=\"stone-material-text\">Granite<\/p>\n                            <\/div>\n      <\/div>\n<style>\n.ibf-stone-finishes-slider.stone-finishes-slider-container .flickity-button.flickity-prev-next-button {\n  background: url(\"https:\/\/dev2.polycor.com\/wp-content\/plugins\/if-blocks\/\/blocks\/stone-finishes-slider\/assets\/img\/slider-arrow-left.svg\") no-repeat center;\n}\n\n.ibf-stone-finishes-slider.stone-finishes-slider-container .flickity-button.flickity-prev-next-button:disabled {\n  background: url(\"https:\/\/dev2.polycor.com\/wp-content\/plugins\/if-blocks\/\/blocks\/stone-finishes-slider\/assets\/img\/slider-arrow-left-disabled.svg\") no-repeat center;\n  background-size: contain;\n}\n\n.stone-finishes-card .stone-card-image-and-title-container {\n    position: relative;\n}\n\n.stone-finishes-card .stone-card-image-and-title-container.is-new:after {\n    content: \"New\";\n    position: absolute;\n    top: 0;\n    left: 0;\n    height: 25px;\n    width: 45px;\n    padding-left: 3px;\n    color: white;\n    background-color: #eeb310;\n    border-bottom-right-radius: 5px;\n    font-weight: bold;\n}\n<\/style>\n<\/div>\n\n\n\n<div class=\"wp-block-column is-layout-flow wp-block-column-is-layout-flow\" style=\"flex-basis:20%\"><\/div>\n<\/div>\n\n\n\n<div style=\"height:25px\" aria-hidden=\"true\" class=\"wp-block-spacer\"><\/div>\n\n\n\n<div style=\"height:20px\" aria-hidden=\"true\" class=\"wp-block-spacer\"><\/div>\n\n\n\n<div class=\"wp-block-buttons is-content-justification-center is-layout-flex wp-container-core-buttons-is-layout-16018d1d wp-block-buttons-is-layout-flex\">\n<div class=\"wp-block-button\"><a class=\"wp-block-button__link wp-element-button\" href=\"\/fr-ca\/pierres\/\">VOIR TOUTES LES PIERRES POLYCOR<\/a><\/div>\n<\/div>\n\n\n\n<div style=\"height:50px\" aria-hidden=\"true\" class=\"wp-block-spacer\"><\/div>\n\n\n\n<div class=\"internal-search-metadata\"><p>ncgranite, page<\/p><\/div>\n","protected":false},"excerpt":{"rendered":"<p>La Corporation de granite de la Caroline du Nord a \u00e9t\u00e9 fond\u00e9e sur le site de la c\u00e9l\u00e8bre carri\u00e8re de granite blanc de Mont Airy. Le premier acte enregistr\u00e9 qui incluait la carri\u00e8re remonte \u00e0 1780, lorsque M. Thomas Smith l&rsquo;a achet\u00e9 pour 50 shillings l&rsquo;acre. Cette carri\u00e8re a \u00e9t\u00e9 exploit\u00e9e pour la premi\u00e8re fois&#8230;<\/p>\n","protected":false},"author":3,"featured_media":35405,"parent":36053,"menu_order":0,"comment_status":"closed","ping_status":"closed","template":"","meta":{"_acf_changed":false,"content-type":"","_kad_blocks_custom_css":"","_kad_blocks_head_custom_js":"","_kad_blocks_body_custom_js":"","_kad_blocks_footer_custom_js":"","_kad_post_transparent":"","_kad_post_title":"","_kad_post_layout":"","_kad_post_sidebar_id":"","_kad_post_content_style":"","_kad_post_vertical_padding":"","_kad_post_feature":"","_kad_post_feature_position":"","_kad_post_header":false,"_kad_post_footer":false,"_kad_post_classname":"","footnotes":""},"materials":[],"project-tags":[],"resource_type":[],"sites":[],"stone_tags":[1550],"product-tax":[],"application-tax":[],"class_list":["post-36052","page","type-page","status-publish","has-post-thumbnail","hentry","stone_tags-white-mount-airy-granite-fr-ca"],"acf":[],"yoast_head":"<!-- This site is optimized with the Yoast SEO plugin v27.2 - https:\/\/yoast.com\/product\/yoast-seo-wordpress\/ -->\n<title>Corporation de granite de la Caroline du Nord - Polycor Inc.<\/title>\n<meta name=\"robots\" content=\"noindex, follow, max-snippet:-1, max-image-preview:large, max-video-preview:-1\" \/>\n<meta property=\"og:locale\" content=\"fr_CA\" \/>\n<meta property=\"og:type\" content=\"article\" \/>\n<meta property=\"og:title\" content=\"Corporation de granite de la Caroline du Nord - Polycor Inc.\" \/>\n<meta property=\"og:description\" content=\"La Corporation de granite de la Caroline du Nord a \u00e9t\u00e9 fond\u00e9e sur le site de la c\u00e9l\u00e8bre carri\u00e8re de granite blanc de Mont Airy. Le premier acte enregistr\u00e9 qui incluait la carri\u00e8re remonte \u00e0 1780, lorsque M. Thomas Smith l&rsquo;a achet\u00e9 pour 50 shillings l&rsquo;acre. Cette carri\u00e8re a \u00e9t\u00e9 exploit\u00e9e pour la premi\u00e8re fois...\" \/>\n<meta property=\"og:url\" content=\"https:\/\/dev2.polycor.com\/fr-ca\/marques-patrimoniales\/ncgranite\/\" \/>\n<meta property=\"og:site_name\" content=\"Polycor Inc.\" \/>\n<meta property=\"article:modified_time\" content=\"2025-03-25T01:07:28+00:00\" \/>\n<meta property=\"og:image\" content=\"https:\/\/dev2.polycor.com\/wp-content\/uploads\/2023\/04\/north-carolina-granite-corp.jpg\" \/>\n\t<meta property=\"og:image:width\" content=\"1024\" \/>\n\t<meta property=\"og:image:height\" content=\"373\" \/>\n\t<meta property=\"og:image:type\" content=\"image\/jpeg\" \/>\n<meta name=\"twitter:card\" content=\"summary_large_image\" \/>\n<meta name=\"twitter:label1\" content=\"Estimation du temps de lecture\" \/>\n\t<meta name=\"twitter:data1\" content=\"2 minutes\" \/>\n<script type=\"application\/ld+json\" class=\"yoast-schema-graph\">{\"@context\":\"https:\/\/schema.org\",\"@graph\":[{\"@type\":\"WebPage\",\"@id\":\"https:\/\/dev2.polycor.com\/fr-ca\/marques-patrimoniales\/ncgranite\/\",\"url\":\"https:\/\/dev2.polycor.com\/fr-ca\/marques-patrimoniales\/ncgranite\/\",\"name\":\"Corporation de granite de la Caroline du Nord - Polycor Inc.\",\"isPartOf\":{\"@id\":\"https:\/\/dev2.polycor.com\/fr-ca\/#website\"},\"primaryImageOfPage\":{\"@id\":\"https:\/\/dev2.polycor.com\/fr-ca\/marques-patrimoniales\/ncgranite\/#primaryimage\"},\"image\":{\"@id\":\"https:\/\/dev2.polycor.com\/fr-ca\/marques-patrimoniales\/ncgranite\/#primaryimage\"},\"thumbnailUrl\":\"https:\/\/dev2.polycor.com\/wp-content\/uploads\/2023\/04\/north-carolina-granite-corp.jpg\",\"datePublished\":\"2023-04-21T20:40:30+00:00\",\"dateModified\":\"2025-03-25T01:07:28+00:00\",\"breadcrumb\":{\"@id\":\"https:\/\/dev2.polycor.com\/fr-ca\/marques-patrimoniales\/ncgranite\/#breadcrumb\"},\"inLanguage\":\"fr-CA\",\"potentialAction\":[{\"@type\":\"ReadAction\",\"target\":[\"https:\/\/dev2.polycor.com\/fr-ca\/marques-patrimoniales\/ncgranite\/\"]}]},{\"@type\":\"ImageObject\",\"inLanguage\":\"fr-CA\",\"@id\":\"https:\/\/dev2.polycor.com\/fr-ca\/marques-patrimoniales\/ncgranite\/#primaryimage\",\"url\":\"https:\/\/dev2.polycor.com\/wp-content\/uploads\/2023\/04\/north-carolina-granite-corp.jpg\",\"contentUrl\":\"https:\/\/dev2.polycor.com\/wp-content\/uploads\/2023\/04\/north-carolina-granite-corp.jpg\",\"width\":1024,\"height\":373,\"caption\":\"DCIM100MEDIADJI_0022.JPG\"},{\"@type\":\"BreadcrumbList\",\"@id\":\"https:\/\/dev2.polycor.com\/fr-ca\/marques-patrimoniales\/ncgranite\/#breadcrumb\",\"itemListElement\":[{\"@type\":\"ListItem\",\"position\":1,\"name\":\"Home\",\"item\":\"https:\/\/dev2.polycor.com\/fr-ca\/\"},{\"@type\":\"ListItem\",\"position\":2,\"name\":\"Marques patrimoniales\",\"item\":\"https:\/\/dev2.polycor.com\/fr-ca\/legacy-brands\/\"},{\"@type\":\"ListItem\",\"position\":3,\"name\":\"Corporation de granite de la Caroline du Nord\"}]},{\"@type\":\"WebSite\",\"@id\":\"https:\/\/dev2.polycor.com\/fr-ca\/#website\",\"url\":\"https:\/\/dev2.polycor.com\/fr-ca\/\",\"name\":\"Polycor Inc.\",\"description\":\"The Largest Portfolio of Natural Stone in North America\",\"publisher\":{\"@id\":\"https:\/\/dev2.polycor.com\/fr-ca\/#organization\"},\"potentialAction\":[{\"@type\":\"SearchAction\",\"target\":{\"@type\":\"EntryPoint\",\"urlTemplate\":\"https:\/\/dev2.polycor.com\/fr-ca\/?s={search_term_string}\"},\"query-input\":{\"@type\":\"PropertyValueSpecification\",\"valueRequired\":true,\"valueName\":\"search_term_string\"}}],\"inLanguage\":\"fr-CA\"},{\"@type\":\"Organization\",\"@id\":\"https:\/\/dev2.polycor.com\/fr-ca\/#organization\",\"name\":\"Polycor Inc.\",\"url\":\"https:\/\/dev2.polycor.com\/fr-ca\/\",\"logo\":{\"@type\":\"ImageObject\",\"inLanguage\":\"fr-CA\",\"@id\":\"https:\/\/dev2.polycor.com\/fr-ca\/#\/schema\/logo\/image\/\",\"url\":\"https:\/\/dev2.polycor.com\/wp-content\/uploads\/2023\/05\/pol-logo-fr.svg\",\"contentUrl\":\"https:\/\/dev2.polycor.com\/wp-content\/uploads\/2023\/05\/pol-logo-fr.svg\",\"width\":758,\"height\":148,\"caption\":\"Polycor Inc.\"},\"image\":{\"@id\":\"https:\/\/dev2.polycor.com\/fr-ca\/#\/schema\/logo\/image\/\"}}]}<\/script>\n<!-- \/ Yoast SEO plugin. -->","yoast_head_json":{"title":"Corporation de granite de la Caroline du Nord - Polycor Inc.","robots":{"index":"noindex","follow":"follow","max-snippet":"max-snippet:-1","max-image-preview":"max-image-preview:large","max-video-preview":"max-video-preview:-1"},"og_locale":"fr_CA","og_type":"article","og_title":"Corporation de granite de la Caroline du Nord - Polycor Inc.","og_description":"La Corporation de granite de la Caroline du Nord a \u00e9t\u00e9 fond\u00e9e sur le site de la c\u00e9l\u00e8bre carri\u00e8re de granite blanc de Mont Airy. Le premier acte enregistr\u00e9 qui incluait la carri\u00e8re remonte \u00e0 1780, lorsque M. Thomas Smith l&rsquo;a achet\u00e9 pour 50 shillings l&rsquo;acre. Cette carri\u00e8re a \u00e9t\u00e9 exploit\u00e9e pour la premi\u00e8re fois...","og_url":"https:\/\/dev2.polycor.com\/fr-ca\/marques-patrimoniales\/ncgranite\/","og_site_name":"Polycor Inc.","article_modified_time":"2025-03-25T01:07:28+00:00","og_image":[{"width":1024,"height":373,"url":"https:\/\/dev2.polycor.com\/wp-content\/uploads\/2023\/04\/north-carolina-granite-corp.jpg","type":"image\/jpeg"}],"twitter_card":"summary_large_image","twitter_misc":{"Estimation du temps de lecture":"2 minutes"},"schema":{"@context":"https:\/\/schema.org","@graph":[{"@type":"WebPage","@id":"https:\/\/dev2.polycor.com\/fr-ca\/marques-patrimoniales\/ncgranite\/","url":"https:\/\/dev2.polycor.com\/fr-ca\/marques-patrimoniales\/ncgranite\/","name":"Corporation de granite de la Caroline du Nord - Polycor Inc.","isPartOf":{"@id":"https:\/\/dev2.polycor.com\/fr-ca\/#website"},"primaryImageOfPage":{"@id":"https:\/\/dev2.polycor.com\/fr-ca\/marques-patrimoniales\/ncgranite\/#primaryimage"},"image":{"@id":"https:\/\/dev2.polycor.com\/fr-ca\/marques-patrimoniales\/ncgranite\/#primaryimage"},"thumbnailUrl":"https:\/\/dev2.polycor.com\/wp-content\/uploads\/2023\/04\/north-carolina-granite-corp.jpg","datePublished":"2023-04-21T20:40:30+00:00","dateModified":"2025-03-25T01:07:28+00:00","breadcrumb":{"@id":"https:\/\/dev2.polycor.com\/fr-ca\/marques-patrimoniales\/ncgranite\/#breadcrumb"},"inLanguage":"fr-CA","potentialAction":[{"@type":"ReadAction","target":["https:\/\/dev2.polycor.com\/fr-ca\/marques-patrimoniales\/ncgranite\/"]}]},{"@type":"ImageObject","inLanguage":"fr-CA","@id":"https:\/\/dev2.polycor.com\/fr-ca\/marques-patrimoniales\/ncgranite\/#primaryimage","url":"https:\/\/dev2.polycor.com\/wp-content\/uploads\/2023\/04\/north-carolina-granite-corp.jpg","contentUrl":"https:\/\/dev2.polycor.com\/wp-content\/uploads\/2023\/04\/north-carolina-granite-corp.jpg","width":1024,"height":373,"caption":"DCIM100MEDIADJI_0022.JPG"},{"@type":"BreadcrumbList","@id":"https:\/\/dev2.polycor.com\/fr-ca\/marques-patrimoniales\/ncgranite\/#breadcrumb","itemListElement":[{"@type":"ListItem","position":1,"name":"Home","item":"https:\/\/dev2.polycor.com\/fr-ca\/"},{"@type":"ListItem","position":2,"name":"Marques patrimoniales","item":"https:\/\/dev2.polycor.com\/fr-ca\/legacy-brands\/"},{"@type":"ListItem","position":3,"name":"Corporation de granite de la Caroline du Nord"}]},{"@type":"WebSite","@id":"https:\/\/dev2.polycor.com\/fr-ca\/#website","url":"https:\/\/dev2.polycor.com\/fr-ca\/","name":"Polycor Inc.","description":"The Largest Portfolio of Natural Stone in North America","publisher":{"@id":"https:\/\/dev2.polycor.com\/fr-ca\/#organization"},"potentialAction":[{"@type":"SearchAction","target":{"@type":"EntryPoint","urlTemplate":"https:\/\/dev2.polycor.com\/fr-ca\/?s={search_term_string}"},"query-input":{"@type":"PropertyValueSpecification","valueRequired":true,"valueName":"search_term_string"}}],"inLanguage":"fr-CA"},{"@type":"Organization","@id":"https:\/\/dev2.polycor.com\/fr-ca\/#organization","name":"Polycor Inc.","url":"https:\/\/dev2.polycor.com\/fr-ca\/","logo":{"@type":"ImageObject","inLanguage":"fr-CA","@id":"https:\/\/dev2.polycor.com\/fr-ca\/#\/schema\/logo\/image\/","url":"https:\/\/dev2.polycor.com\/wp-content\/uploads\/2023\/05\/pol-logo-fr.svg","contentUrl":"https:\/\/dev2.polycor.com\/wp-content\/uploads\/2023\/05\/pol-logo-fr.svg","width":758,"height":148,"caption":"Polycor Inc."},"image":{"@id":"https:\/\/dev2.polycor.com\/fr-ca\/#\/schema\/logo\/image\/"}}]}},"taxonomy_info":{"stone_tags":[{"value":1550,"label":"White Mount Airy Granite\u2122"}]},"featured_image_src_large":["https:\/\/dev2.polycor.com\/wp-content\/uploads\/2023\/04\/north-carolina-granite-corp.jpg",1024,373,false],"author_info":{"display_name":"Jim","author_link":"https:\/\/dev2.polycor.com\/fr-ca\/blog\/author\/jimt\/"},"comment_info":0,"_links":{"self":[{"href":"https:\/\/dev2.polycor.com\/fr-ca\/wp-json\/wp\/v2\/pages\/36052","targetHints":{"allow":["GET"]}}],"collection":[{"href":"https:\/\/dev2.polycor.com\/fr-ca\/wp-json\/wp\/v2\/pages"}],"about":[{"href":"https:\/\/dev2.polycor.com\/fr-ca\/wp-json\/wp\/v2\/types\/page"}],"author":[{"embeddable":true,"href":"https:\/\/dev2.polycor.com\/fr-ca\/wp-json\/wp\/v2\/users\/3"}],"replies":[{"embeddable":true,"href":"https:\/\/dev2.polycor.com\/fr-ca\/wp-json\/wp\/v2\/comments?post=36052"}],"version-history":[{"count":2,"href":"https:\/\/dev2.polycor.com\/fr-ca\/wp-json\/wp\/v2\/pages\/36052\/revisions"}],"predecessor-version":[{"id":77601,"href":"https:\/\/dev2.polycor.com\/fr-ca\/wp-json\/wp\/v2\/pages\/36052\/revisions\/77601"}],"up":[{"embeddable":true,"href":"https:\/\/dev2.polycor.com\/fr-ca\/wp-json\/wp\/v2\/pages\/36053"}],"wp:featuredmedia":[{"embeddable":true,"href":"https:\/\/dev2.polycor.com\/fr-ca\/wp-json\/wp\/v2\/media\/35405"}],"wp:attachment":[{"href":"https:\/\/dev2.polycor.com\/fr-ca\/wp-json\/wp\/v2\/media?parent=36052"}],"wp:term":[{"taxonomy":"materials","embeddable":true,"href":"https:\/\/dev2.polycor.com\/fr-ca\/wp-json\/wp\/v2\/materials?post=36052"},{"taxonomy":"project-tags","embeddable":true,"href":"https:\/\/dev2.polycor.com\/fr-ca\/wp-json\/wp\/v2\/project-tags?post=36052"},{"taxonomy":"resource_type","embeddable":true,"href":"https:\/\/dev2.polycor.com\/fr-ca\/wp-json\/wp\/v2\/resource_type?post=36052"},{"taxonomy":"sites","embeddable":true,"href":"https:\/\/dev2.polycor.com\/fr-ca\/wp-json\/wp\/v2\/sites?post=36052"},{"taxonomy":"stone_tags","embeddable":true,"href":"https:\/\/dev2.polycor.com\/fr-ca\/wp-json\/wp\/v2\/stone_tags?post=36052"},{"taxonomy":"product-tax","embeddable":true,"href":"https:\/\/dev2.polycor.com\/fr-ca\/wp-json\/wp\/v2\/product-tax?post=36052"},{"taxonomy":"application-tax","embeddable":true,"href":"https:\/\/dev2.polycor.com\/fr-ca\/wp-json\/wp\/v2\/application-tax?post=36052"}],"curies":[{"name":"wp","href":"https:\/\/api.w.org\/{rel}","templated":true}]}}