{"id":36068,"date":"2023-02-21T18:45:35","date_gmt":"2023-02-21T18:45:35","guid":{"rendered":"https:\/\/www.polycor.com\/virtual-products-portfolio\/"},"modified":"2023-02-21T18:45:35","modified_gmt":"2023-02-21T18:45:35","slug":"virtual-products-portfolio","status":"publish","type":"page","link":"https:\/\/dev2.polycor.com\/fr-ca\/virtual-products-portfolio\/","title":{"rendered":"Portfolio de produits virtuels"},"content":{"rendered":"\n<div class=\"wp-block-cover alignfull is-light\"><span aria-hidden=\"true\" class=\"wp-block-cover__background has-theme-palette-3-background-color has-background-dim-30 has-background-dim\"><\/span><img loading=\"lazy\" decoding=\"async\" width=\"1334\" height=\"2000\" class=\"wp-block-cover__image-background wp-image-12946\" alt=\"\" src=\"https:\/\/www.dev2.polycor.com\/wp-content\/uploads\/2023\/03\/polycor-pattern-pavers-2-2022.jpg\" data-object-fit=\"cover\" srcset=\"https:\/\/dev2.polycor.com\/wp-content\/uploads\/2023\/03\/polycor-pattern-pavers-2-2022.jpg 1334w, https:\/\/dev2.polycor.com\/wp-content\/uploads\/2023\/03\/polycor-pattern-pavers-2-2022-300x450.jpg 300w, https:\/\/dev2.polycor.com\/wp-content\/uploads\/2023\/03\/polycor-pattern-pavers-2-2022-200x300.jpg 200w, https:\/\/dev2.polycor.com\/wp-content\/uploads\/2023\/03\/polycor-pattern-pavers-2-2022-768x1151.jpg 768w, https:\/\/dev2.polycor.com\/wp-content\/uploads\/2023\/03\/polycor-pattern-pavers-2-2022-683x1024.jpg 683w, https:\/\/dev2.polycor.com\/wp-content\/uploads\/2023\/03\/polycor-pattern-pavers-2-2022-1025x1536.jpg 1025w, https:\/\/dev2.polycor.com\/wp-content\/uploads\/2023\/03\/polycor-pattern-pavers-2-2022-334x500.jpg 334w\" sizes=\"auto, (max-width: 1334px) 100vw, 1334px\" \/><div class=\"wp-block-cover__inner-container is-layout-flow wp-block-cover-is-layout-flow\">\n<h1 class=\"has-text-align-center wp-block-heading\">Portfolio de produits virtuels<\/h1>\n<\/div><\/div>\n\n\n\n<div style=\"height:80px\" aria-hidden=\"true\" class=\"wp-block-spacer\"><\/div>\n\n\n\n<div class=\"wp-block-columns is-layout-flex wp-container-core-columns-is-layout-9d6595d7 wp-block-columns-is-layout-flex\">\n<div class=\"wp-block-column is-layout-flow wp-block-column-is-layout-flow\" style=\"padding-right:5%;padding-left:5%;flex-basis:33.33%\"><style>.kb-table-of-content-nav.kb-table-of-content-id_c0c1d0-42 .kb-table-of-content-wrap{padding-top:var(--global-kb-spacing-sm, 1.5rem);padding-right:var(--global-kb-spacing-sm, 1.5rem);padding-bottom:var(--global-kb-spacing-sm, 1.5rem);padding-left:var(--global-kb-spacing-sm, 1.5rem);}.kb-table-of-content-nav.kb-table-of-content-id_c0c1d0-42 .kb-table-of-contents-title-wrap{padding-top:0px;padding-right:0px;padding-bottom:0px;padding-left:0px;}.kb-table-of-content-nav.kb-table-of-content-id_c0c1d0-42 .kb-table-of-contents-title{font-weight:regular;font-style:normal;}.kb-table-of-content-nav.kb-table-of-content-id_c0c1d0-42 .kb-table-of-content-wrap .kb-table-of-content-list{font-weight:regular;font-style:normal;margin-top:var(--global-kb-spacing-sm, 1.5rem);margin-right:0px;margin-bottom:0px;margin-left:0px;}<\/style><\/div>\n\n\n\n<div class=\"wp-block-column is-layout-flow wp-block-column-is-layout-flow\" style=\"padding-top:20px;padding-right:5%;padding-left:5%;flex-basis:66.66%\">\n<p>Les mod\u00e8les virtuels en 3D permettent d&rsquo;examiner les merveilleux d\u00e9tails de nos produits en pierre naturelle sous tous les angles possibles.<\/p>\n\n\n\n<p>Cet outil innovant est facile \u00e0 utiliser et ne n\u00e9cessite aucune application externe. Il suffit de cliquer sur un produit pour commencer \u00e0 regarder !<\/p>\n\n\n\n<p class=\"has-small-font-size\"><em>Avis de non-responsabilit\u00e9 : Ce sont des produits naturels. Des variations subtiles de couleur et de texture peuvent survenir et font partie de ce qui rend cette pierre naturelle unique et attrayante. Nous ne pouvons garantir une correspondance exacte avec aucune des images photographiques contenues dans ces objets 3D.<\/em><\/p>\n<\/div>\n<\/div>\n\n\n\n<div style=\"height:100px\" aria-hidden=\"true\" class=\"wp-block-spacer\"><\/div>\n\n\n\n<div class=\"wp-block-group is-style-yellow-line-vertical--left\"><div class=\"wp-block-group__inner-container is-layout-constrained wp-block-group-is-layout-constrained\">\n<h2 class=\"wp-block-heading\">Voies pi\u00e9tonni\u00e8res et patios<\/h2>\n<\/div><\/div>\n\n\n\n<div class=\"iframe-container\">\n  <iframe loading=\"lazy\" class=\"responsive-iframe\" width=\"100%\" height=\"855\" style=\"display: block; margin: 0 auto;\" src=\"https:\/\/sketchfab.com\/playlists\/embed?collection=74b7f481082e4979b932cf6290eac836&amp;autostart=0\" title=\"WALKWAYS AND PATIOS - ALL\u00c9ES ET TERRASSES\" frameborder=\"0\" allowfullscreen=\"\" mozallowfullscreen=\"true\" webkitallowfullscreen=\"true\" allow=\"autoplay; fullscreen; xr-spatial-tracking\" xr-spatial-tracking=\"\" execution-while-out-of-viewport=\"\" execution-while-not-rendered=\"\" web-share=\"\"><\/iframe><\/div>\n\n\n\n<div style=\"height:100px\" aria-hidden=\"true\" class=\"wp-block-spacer\"><\/div>\n\n\n\n<div class=\"wp-block-group is-style-yellow-line-vertical--right\"><div class=\"wp-block-group__inner-container is-layout-constrained wp-block-group-is-layout-constrained\">\n<h2 class=\"has-text-align-right wp-block-heading\">Couronnement de piscine<\/h2>\n<\/div><\/div>\n\n\n\n<div class=\"iframe-container\">\n  <iframe loading=\"lazy\" class=\"responsive-iframe\" width=\"100%\" height=\"855\" style=\"display: block; margin: 0 auto;\" src=\"https:\/\/sketchfab.com\/playlists\/embed?collection=3a7b1cb615894bd598d2e336be27c22a&amp;autostart=0\" title=\"POOL COPING - COURONNEMENTS DE PISCINE\" frameborder=\"0\" allowfullscreen=\"\" mozallowfullscreen=\"true\" webkitallowfullscreen=\"true\" allow=\"autoplay; fullscreen; xr-spatial-tracking\" xr-spatial-tracking=\"\" execution-while-out-of-viewport=\"\" execution-while-not-rendered=\"\" web-share=\"\"><\/iframe><\/div>\n\n\n\n<div style=\"height:100px\" aria-hidden=\"true\" class=\"wp-block-spacer\"><\/div>\n\n\n\n<div class=\"wp-block-group is-style-yellow-line-vertical--left\"><div class=\"wp-block-group__inner-container is-layout-constrained wp-block-group-is-layout-constrained\">\n<h2 class=\"wp-block-heading\">Marches et contremarches<\/h2>\n<\/div><\/div>\n\n\n\n<div class=\"iframe-container\">\n  <iframe loading=\"lazy\" class=\"responsive-iframe\" width=\"100%\" height=\"855\" style=\"display: block; margin: 0 auto;\" src=\"https:\/\/sketchfab.com\/playlists\/embed?collection=4bd02cdd5656499e9ac0ee33c2df1db0&amp;autostart=0\" title=\"STEPS AND TREADS - ESCALIERS ET MARCHES\" frameborder=\"0\" allowfullscreen=\"\" mozallowfullscreen=\"true\" webkitallowfullscreen=\"true\" allow=\"autoplay; fullscreen; xr-spatial-tracking\" xr-spatial-tracking=\"\" execution-while-out-of-viewport=\"\" execution-while-not-rendered=\"\" web-share=\"\"><\/iframe><\/div>\n\n\n\n<div style=\"height:100px\" aria-hidden=\"true\" class=\"wp-block-spacer\"><\/div>\n\n\n\n<div class=\"wp-block-group is-style-yellow-line-vertical--right\"><div class=\"wp-block-group__inner-container is-layout-constrained wp-block-group-is-layout-constrained\">\n<h2 class=\"has-text-align-right wp-block-heading\">Murs et caps<\/h2>\n<\/div><\/div>\n\n\n\n<div class=\"iframe-container\">\n  <iframe loading=\"lazy\" class=\"responsive-iframe\" width=\"100%\" height=\"855\" style=\"display: block; margin: 0 auto;\" src=\"https:\/\/sketchfab.com\/playlists\/embed?collection=e37849a77ebc4e0a8d67e2b332e0f96c&amp;autostart=0\" title=\"WALLS AND CAPS\" frameborder=\"0\" allowfullscreen=\"\" mozallowfullscreen=\"true\" webkitallowfullscreen=\"true\" allow=\"autoplay; fullscreen; xr-spatial-tracking\" xr-spatial-tracking=\"\" execution-while-out-of-viewport=\"\" execution-while-not-rendered=\"\" web-share=\"\"><\/iframe><\/div>\n\n\n\n<div style=\"height:100px\" aria-hidden=\"true\" class=\"wp-block-spacer\"><\/div>\n\n\n\n<div class=\"wp-block-group is-style-yellow-line-vertical--left\"><div class=\"wp-block-group__inner-container is-layout-constrained wp-block-group-is-layout-constrained\">\n<h2 class=\"wp-block-heading\">Accents et poteaux<\/h2>\n<\/div><\/div>\n\n\n\n<div class=\"iframe-container\">\n  <iframe loading=\"lazy\" class=\"responsive-iframe\" width=\"100%\" height=\"855\" style=\"display: block; margin: 0 auto;\" src=\"https:\/\/sketchfab.com\/playlists\/embed?collection=e31829e722584b36ad531b584e781b3d&amp;autostart=0\" title=\"ACCENTS AND POSTS - \u00c9L\u00c9MENTS EXT\u00c9RIEURS\" frameborder=\"0\" allowfullscreen=\"\" mozallowfullscreen=\"true\" webkitallowfullscreen=\"true\" allow=\"autoplay; fullscreen; xr-spatial-tracking\" xr-spatial-tracking=\"\" execution-while-out-of-viewport=\"\" execution-while-not-rendered=\"\" web-share=\"\"><\/iframe><\/div>\n\n\n\n<div style=\"height:100px\" aria-hidden=\"true\" class=\"wp-block-spacer\"><\/div>\n\n\n\n<div class=\"wp-block-group is-style-yellow-line-vertical--right\"><div class=\"wp-block-group__inner-container is-layout-constrained wp-block-group-is-layout-constrained\">\n<h2 class=\"has-text-align-right wp-block-heading\">S\u00e9ries de rev\u00eatement Estate Veneer<\/h2>\n<\/div><\/div>\n\n\n\n<div class=\"iframe-container\">\n  <iframe loading=\"lazy\" class=\"responsive-iframe\" width=\"100%\" height=\"855\" style=\"display: block; margin: 0 auto;\" src=\"https:\/\/sketchfab.com\/playlists\/embed?collection=e19c64d587f04a87a3907ccfa2c273e0&amp;autostart=0\" title=\"ESTATE VENEER SERIES - S\u00c9RIE REV\u00caTEMENTS\" frameborder=\"0\" allowfullscreen=\"\" mozallowfullscreen=\"true\" webkitallowfullscreen=\"true\" allow=\"autoplay; fullscreen; xr-spatial-tracking\" xr-spatial-tracking=\"\" execution-while-out-of-viewport=\"\" execution-while-not-rendered=\"\" web-share=\"\"><\/iframe><\/div>\n<div class=\"internal-search-metadata\"><p>virtual-products-portfolio, page<\/p><\/div>","protected":false},"excerpt":{"rendered":"<p>Les mod\u00e8les virtuels en 3D permettent d&rsquo;examiner les merveilleux d\u00e9tails de nos produits en pierre naturelle sous tous les angles possibles. Cet outil innovant est facile \u00e0 utiliser et ne n\u00e9cessite aucune application externe. Il suffit de cliquer sur un produit pour commencer \u00e0 regarder ! Avis de non-responsabilit\u00e9 : Ce sont des produits naturels&#8230;.<\/p>\n","protected":false},"author":3,"featured_media":0,"parent":0,"menu_order":0,"comment_status":"closed","ping_status":"closed","template":"","meta":{"_acf_changed":false,"content-type":"","_kad_blocks_custom_css":"","_kad_blocks_head_custom_js":"","_kad_blocks_body_custom_js":"","_kad_blocks_footer_custom_js":"","_kad_post_transparent":"","_kad_post_title":"","_kad_post_layout":"","_kad_post_sidebar_id":"","_kad_post_content_style":"","_kad_post_vertical_padding":"","_kad_post_feature":"","_kad_post_feature_position":"","_kad_post_header":false,"_kad_post_footer":false,"_kad_post_classname":"","footnotes":""},"materials":[],"project-tags":[],"resource_type":[],"sites":[],"stone_tags":[],"product-tax":[],"application-tax":[],"class_list":["post-36068","page","type-page","status-publish","hentry"],"acf":[],"yoast_head":"<!-- This site is optimized with the Yoast SEO plugin v27.2 - https:\/\/yoast.com\/product\/yoast-seo-wordpress\/ -->\n<title>Portfolio de produits virtuels - Polycor Inc.<\/title>\n<meta name=\"robots\" content=\"noindex, follow, max-snippet:-1, max-image-preview:large, max-video-preview:-1\" \/>\n<meta property=\"og:locale\" content=\"fr_CA\" \/>\n<meta property=\"og:type\" content=\"article\" \/>\n<meta property=\"og:title\" content=\"Portfolio de produits virtuels - Polycor Inc.\" \/>\n<meta property=\"og:description\" content=\"Les mod\u00e8les virtuels en 3D permettent d&rsquo;examiner les merveilleux d\u00e9tails de nos produits en pierre naturelle sous tous les angles possibles. Cet outil innovant est facile \u00e0 utiliser et ne n\u00e9cessite aucune application externe. Il suffit de cliquer sur un produit pour commencer \u00e0 regarder ! Avis de non-responsabilit\u00e9 : Ce sont des produits naturels....\" \/>\n<meta property=\"og:url\" content=\"https:\/\/dev2.polycor.com\/fr-ca\/virtual-products-portfolio\/\" \/>\n<meta property=\"og:site_name\" content=\"Polycor Inc.\" \/>\n<meta property=\"og:image\" content=\"https:\/\/www.dev2.polycor.com\/wp-content\/uploads\/2023\/03\/polycor-pattern-pavers-2-2022.jpg\" \/>\n<meta name=\"twitter:card\" content=\"summary_large_image\" \/>\n<meta name=\"twitter:label1\" content=\"Estimation du temps de lecture\" \/>\n\t<meta name=\"twitter:data1\" content=\"1 minute\" \/>\n<script type=\"application\/ld+json\" class=\"yoast-schema-graph\">{\"@context\":\"https:\/\/schema.org\",\"@graph\":[{\"@type\":\"WebPage\",\"@id\":\"https:\/\/dev2.polycor.com\/fr-ca\/virtual-products-portfolio\/\",\"url\":\"https:\/\/dev2.polycor.com\/fr-ca\/virtual-products-portfolio\/\",\"name\":\"Portfolio de produits virtuels - Polycor Inc.\",\"isPartOf\":{\"@id\":\"https:\/\/dev2.polycor.com\/fr-ca\/#website\"},\"primaryImageOfPage\":{\"@id\":\"https:\/\/dev2.polycor.com\/fr-ca\/virtual-products-portfolio\/#primaryimage\"},\"image\":{\"@id\":\"https:\/\/dev2.polycor.com\/fr-ca\/virtual-products-portfolio\/#primaryimage\"},\"thumbnailUrl\":\"https:\/\/www.dev2.polycor.com\/wp-content\/uploads\/2023\/03\/polycor-pattern-pavers-2-2022.jpg\",\"datePublished\":\"2023-02-21T18:45:35+00:00\",\"breadcrumb\":{\"@id\":\"https:\/\/dev2.polycor.com\/fr-ca\/virtual-products-portfolio\/#breadcrumb\"},\"inLanguage\":\"fr-CA\",\"potentialAction\":[{\"@type\":\"ReadAction\",\"target\":[\"https:\/\/dev2.polycor.com\/fr-ca\/virtual-products-portfolio\/\"]}]},{\"@type\":\"ImageObject\",\"inLanguage\":\"fr-CA\",\"@id\":\"https:\/\/dev2.polycor.com\/fr-ca\/virtual-products-portfolio\/#primaryimage\",\"url\":\"https:\/\/www.dev2.polycor.com\/wp-content\/uploads\/2023\/03\/polycor-pattern-pavers-2-2022.jpg\",\"contentUrl\":\"https:\/\/www.dev2.polycor.com\/wp-content\/uploads\/2023\/03\/polycor-pattern-pavers-2-2022.jpg\"},{\"@type\":\"BreadcrumbList\",\"@id\":\"https:\/\/dev2.polycor.com\/fr-ca\/virtual-products-portfolio\/#breadcrumb\",\"itemListElement\":[{\"@type\":\"ListItem\",\"position\":1,\"name\":\"Home\",\"item\":\"https:\/\/dev2.polycor.com\/fr-ca\/\"},{\"@type\":\"ListItem\",\"position\":2,\"name\":\"Portfolio de produits virtuels\"}]},{\"@type\":\"WebSite\",\"@id\":\"https:\/\/dev2.polycor.com\/fr-ca\/#website\",\"url\":\"https:\/\/dev2.polycor.com\/fr-ca\/\",\"name\":\"Polycor Inc.\",\"description\":\"The Largest Portfolio of Natural Stone in North America\",\"publisher\":{\"@id\":\"https:\/\/dev2.polycor.com\/fr-ca\/#organization\"},\"potentialAction\":[{\"@type\":\"SearchAction\",\"target\":{\"@type\":\"EntryPoint\",\"urlTemplate\":\"https:\/\/dev2.polycor.com\/fr-ca\/?s={search_term_string}\"},\"query-input\":{\"@type\":\"PropertyValueSpecification\",\"valueRequired\":true,\"valueName\":\"search_term_string\"}}],\"inLanguage\":\"fr-CA\"},{\"@type\":\"Organization\",\"@id\":\"https:\/\/dev2.polycor.com\/fr-ca\/#organization\",\"name\":\"Polycor Inc.\",\"url\":\"https:\/\/dev2.polycor.com\/fr-ca\/\",\"logo\":{\"@type\":\"ImageObject\",\"inLanguage\":\"fr-CA\",\"@id\":\"https:\/\/dev2.polycor.com\/fr-ca\/#\/schema\/logo\/image\/\",\"url\":\"https:\/\/dev2.polycor.com\/wp-content\/uploads\/2023\/05\/pol-logo-fr.svg\",\"contentUrl\":\"https:\/\/dev2.polycor.com\/wp-content\/uploads\/2023\/05\/pol-logo-fr.svg\",\"width\":758,\"height\":148,\"caption\":\"Polycor Inc.\"},\"image\":{\"@id\":\"https:\/\/dev2.polycor.com\/fr-ca\/#\/schema\/logo\/image\/\"}}]}<\/script>\n<!-- \/ Yoast SEO plugin. -->","yoast_head_json":{"title":"Portfolio de produits virtuels - Polycor Inc.","robots":{"index":"noindex","follow":"follow","max-snippet":"max-snippet:-1","max-image-preview":"max-image-preview:large","max-video-preview":"max-video-preview:-1"},"og_locale":"fr_CA","og_type":"article","og_title":"Portfolio de produits virtuels - Polycor Inc.","og_description":"Les mod\u00e8les virtuels en 3D permettent d&rsquo;examiner les merveilleux d\u00e9tails de nos produits en pierre naturelle sous tous les angles possibles. Cet outil innovant est facile \u00e0 utiliser et ne n\u00e9cessite aucune application externe. Il suffit de cliquer sur un produit pour commencer \u00e0 regarder ! Avis de non-responsabilit\u00e9 : Ce sont des produits naturels....","og_url":"https:\/\/dev2.polycor.com\/fr-ca\/virtual-products-portfolio\/","og_site_name":"Polycor Inc.","og_image":[{"url":"https:\/\/www.dev2.polycor.com\/wp-content\/uploads\/2023\/03\/polycor-pattern-pavers-2-2022.jpg","type":"","width":"","height":""}],"twitter_card":"summary_large_image","twitter_misc":{"Estimation du temps de lecture":"1 minute"},"schema":{"@context":"https:\/\/schema.org","@graph":[{"@type":"WebPage","@id":"https:\/\/dev2.polycor.com\/fr-ca\/virtual-products-portfolio\/","url":"https:\/\/dev2.polycor.com\/fr-ca\/virtual-products-portfolio\/","name":"Portfolio de produits virtuels - Polycor Inc.","isPartOf":{"@id":"https:\/\/dev2.polycor.com\/fr-ca\/#website"},"primaryImageOfPage":{"@id":"https:\/\/dev2.polycor.com\/fr-ca\/virtual-products-portfolio\/#primaryimage"},"image":{"@id":"https:\/\/dev2.polycor.com\/fr-ca\/virtual-products-portfolio\/#primaryimage"},"thumbnailUrl":"https:\/\/www.dev2.polycor.com\/wp-content\/uploads\/2023\/03\/polycor-pattern-pavers-2-2022.jpg","datePublished":"2023-02-21T18:45:35+00:00","breadcrumb":{"@id":"https:\/\/dev2.polycor.com\/fr-ca\/virtual-products-portfolio\/#breadcrumb"},"inLanguage":"fr-CA","potentialAction":[{"@type":"ReadAction","target":["https:\/\/dev2.polycor.com\/fr-ca\/virtual-products-portfolio\/"]}]},{"@type":"ImageObject","inLanguage":"fr-CA","@id":"https:\/\/dev2.polycor.com\/fr-ca\/virtual-products-portfolio\/#primaryimage","url":"https:\/\/www.dev2.polycor.com\/wp-content\/uploads\/2023\/03\/polycor-pattern-pavers-2-2022.jpg","contentUrl":"https:\/\/www.dev2.polycor.com\/wp-content\/uploads\/2023\/03\/polycor-pattern-pavers-2-2022.jpg"},{"@type":"BreadcrumbList","@id":"https:\/\/dev2.polycor.com\/fr-ca\/virtual-products-portfolio\/#breadcrumb","itemListElement":[{"@type":"ListItem","position":1,"name":"Home","item":"https:\/\/dev2.polycor.com\/fr-ca\/"},{"@type":"ListItem","position":2,"name":"Portfolio de produits virtuels"}]},{"@type":"WebSite","@id":"https:\/\/dev2.polycor.com\/fr-ca\/#website","url":"https:\/\/dev2.polycor.com\/fr-ca\/","name":"Polycor Inc.","description":"The Largest Portfolio of Natural Stone in North America","publisher":{"@id":"https:\/\/dev2.polycor.com\/fr-ca\/#organization"},"potentialAction":[{"@type":"SearchAction","target":{"@type":"EntryPoint","urlTemplate":"https:\/\/dev2.polycor.com\/fr-ca\/?s={search_term_string}"},"query-input":{"@type":"PropertyValueSpecification","valueRequired":true,"valueName":"search_term_string"}}],"inLanguage":"fr-CA"},{"@type":"Organization","@id":"https:\/\/dev2.polycor.com\/fr-ca\/#organization","name":"Polycor Inc.","url":"https:\/\/dev2.polycor.com\/fr-ca\/","logo":{"@type":"ImageObject","inLanguage":"fr-CA","@id":"https:\/\/dev2.polycor.com\/fr-ca\/#\/schema\/logo\/image\/","url":"https:\/\/dev2.polycor.com\/wp-content\/uploads\/2023\/05\/pol-logo-fr.svg","contentUrl":"https:\/\/dev2.polycor.com\/wp-content\/uploads\/2023\/05\/pol-logo-fr.svg","width":758,"height":148,"caption":"Polycor Inc."},"image":{"@id":"https:\/\/dev2.polycor.com\/fr-ca\/#\/schema\/logo\/image\/"}}]}},"taxonomy_info":[],"featured_image_src_large":false,"author_info":{"display_name":"Jim","author_link":"https:\/\/dev2.polycor.com\/fr-ca\/blog\/author\/jimt\/"},"comment_info":0,"_links":{"self":[{"href":"https:\/\/dev2.polycor.com\/fr-ca\/wp-json\/wp\/v2\/pages\/36068","targetHints":{"allow":["GET"]}}],"collection":[{"href":"https:\/\/dev2.polycor.com\/fr-ca\/wp-json\/wp\/v2\/pages"}],"about":[{"href":"https:\/\/dev2.polycor.com\/fr-ca\/wp-json\/wp\/v2\/types\/page"}],"author":[{"embeddable":true,"href":"https:\/\/dev2.polycor.com\/fr-ca\/wp-json\/wp\/v2\/users\/3"}],"replies":[{"embeddable":true,"href":"https:\/\/dev2.polycor.com\/fr-ca\/wp-json\/wp\/v2\/comments?post=36068"}],"version-history":[{"count":0,"href":"https:\/\/dev2.polycor.com\/fr-ca\/wp-json\/wp\/v2\/pages\/36068\/revisions"}],"wp:attachment":[{"href":"https:\/\/dev2.polycor.com\/fr-ca\/wp-json\/wp\/v2\/media?parent=36068"}],"wp:term":[{"taxonomy":"materials","embeddable":true,"href":"https:\/\/dev2.polycor.com\/fr-ca\/wp-json\/wp\/v2\/materials?post=36068"},{"taxonomy":"project-tags","embeddable":true,"href":"https:\/\/dev2.polycor.com\/fr-ca\/wp-json\/wp\/v2\/project-tags?post=36068"},{"taxonomy":"resource_type","embeddable":true,"href":"https:\/\/dev2.polycor.com\/fr-ca\/wp-json\/wp\/v2\/resource_type?post=36068"},{"taxonomy":"sites","embeddable":true,"href":"https:\/\/dev2.polycor.com\/fr-ca\/wp-json\/wp\/v2\/sites?post=36068"},{"taxonomy":"stone_tags","embeddable":true,"href":"https:\/\/dev2.polycor.com\/fr-ca\/wp-json\/wp\/v2\/stone_tags?post=36068"},{"taxonomy":"product-tax","embeddable":true,"href":"https:\/\/dev2.polycor.com\/fr-ca\/wp-json\/wp\/v2\/product-tax?post=36068"},{"taxonomy":"application-tax","embeddable":true,"href":"https:\/\/dev2.polycor.com\/fr-ca\/wp-json\/wp\/v2\/application-tax?post=36068"}],"curies":[{"name":"wp","href":"https:\/\/api.w.org\/{rel}","templated":true}]}}