{"id":56858,"date":"2023-08-15T18:32:42","date_gmt":"2023-08-15T18:32:42","guid":{"rendered":"https:\/\/www.polycor.com\/news\/"},"modified":"2023-08-16T21:19:33","modified_gmt":"2023-08-16T21:19:33","slug":"medias","status":"publish","type":"page","link":"https:\/\/dev2.polycor.com\/fr-ca\/medias\/","title":{"rendered":"M\u00e9dias"},"content":{"rendered":"\n<div class=\"wp-block-cover alignfull\"><span aria-hidden=\"true\" class=\"wp-block-cover__background has-background-dim-100 has-background-dim wp-block-cover__gradient-background has-background-gradient has-black-max-30-opacity-gradient-background\"><\/span><img loading=\"lazy\" decoding=\"async\" width=\"1500\" height=\"1125\" class=\"wp-block-cover__image-background wp-image-22211\" alt=\"\" src=\"https:\/\/www.dev2.polycor.com\/wp-content\/uploads\/2023\/04\/Old-Post-Office-Building-Chicago-Polycor-Indiana-Limestone-Facade-Adaptive-Reuse-Project-HERO-2.jpg\" style=\"object-position:57% 46%\" data-object-fit=\"cover\" data-object-position=\"57% 46%\" srcset=\"https:\/\/dev2.polycor.com\/wp-content\/uploads\/2023\/04\/Old-Post-Office-Building-Chicago-Polycor-Indiana-Limestone-Facade-Adaptive-Reuse-Project-HERO-2.jpg 1500w, https:\/\/dev2.polycor.com\/wp-content\/uploads\/2023\/04\/Old-Post-Office-Building-Chicago-Polycor-Indiana-Limestone-Facade-Adaptive-Reuse-Project-HERO-2-300x225.jpg 300w, https:\/\/dev2.polycor.com\/wp-content\/uploads\/2023\/04\/Old-Post-Office-Building-Chicago-Polycor-Indiana-Limestone-Facade-Adaptive-Reuse-Project-HERO-2-1024x768.jpg 768w, https:\/\/dev2.polycor.com\/wp-content\/uploads\/2023\/04\/Old-Post-Office-Building-Chicago-Polycor-Indiana-Limestone-Facade-Adaptive-Reuse-Project-HERO-2-1024x768.jpg 1024w, https:\/\/dev2.polycor.com\/wp-content\/uploads\/2023\/04\/Old-Post-Office-Building-Chicago-Polycor-Indiana-Limestone-Facade-Adaptive-Reuse-Project-HERO-2-1024x768.jpg 600w, https:\/\/dev2.polycor.com\/wp-content\/uploads\/2023\/04\/Old-Post-Office-Building-Chicago-Polycor-Indiana-Limestone-Facade-Adaptive-Reuse-Project-HERO-2-400x300.jpg 400w\" sizes=\"auto, (max-width: 1500px) 100vw, 1500px\" \/><div class=\"wp-block-cover__inner-container is-layout-flow wp-block-cover-is-layout-flow\">\n<h1 class=\"wp-block-heading has-text-align-center\"><strong>M\u00c9DIAS<\/strong><\/h1>\n\n\n\n<hr class=\"wp-block-separator has-alpha-channel-opacity is-style-yellow-line-horizontal\"\/>\n<\/div><\/div>\n\n\n\n<div class=\"wp-block-columns is-layout-flex wp-container-core-columns-is-layout-9d6595d7 wp-block-columns-is-layout-flex\">\n<div class=\"wp-block-column is-layout-flow wp-block-column-is-layout-flow\" style=\"flex-basis:20%\"><\/div>\n\n\n\n<div class=\"wp-block-column is-layout-flow wp-block-column-is-layout-flow\" style=\"flex-basis:60%\"><div class=\"facetwp-template\" data-name=\"press\">    <div class=\"press-display-container\">\r\n                        <div id=\"press-piece-74404\" class=\"ibf-press-piece\">\r\n                                                <a class=\"press-link-container\" href=\"https:\/\/401758.fs1.hubspotusercontent-na1.net\/hubfs\/401758\/Polycor%20Press%20Page\/Press%20release_Polycor%20investment%20announcement_FR.pdf\" style=\"background: center \/ 100% no-repeat url('https:\/\/dev2.polycor.com\/wp-content\/uploads\/2024\/10\/website_banner_FR.png');\">\r\n                                                            <\/a>\r\n                                                <a class=\"press-title-link\" href=\"https:\/\/401758.fs1.hubspotusercontent-na1.net\/hubfs\/401758\/Polycor%20Press%20Page\/Press%20release_Polycor%20investment%20announcement_FR.pdf\">\r\n                            <h3 class=\"press-title\">POLYCOR ANNONCE DES INVESTISSEMENTS TRANSFORMATIONNELS DE PLUS DE 15 MILLIONS DE DOLLARS AM\u00c9RICAINS DANS LA FABRICATION DE POINTE AU QU\u00c9BEC ET EN INDIANA<\/h3>\r\n                        <\/a>\r\n                                            <h4 class=\"press-date\">17\/10\/2024<\/h4>\r\n                                        <p class=\"press-body-text\">Ces investissements permettront de consolider les activit\u00e9s manufacturi\u00e8res d\u00e9di\u00e9es aux march\u00e9s commerciaux, r\u00e9sidentiels et d\u2019am\u00e9nagement urbain. Polycor ajoutera des lignes de production qui augmenteront ses volumes de production, accroitront l\u2019efficacit\u00e9 et am\u00e9lioreront la qualit\u00e9.<\/p>\r\n                                        <div class=\"wp-block-buttons is-content-justification-right press-item-read-more\">\r\n                        <div class=\"wp-block-button is-style-btn-underline--yellow\">\r\n                            <a class=\"wp-block-button__link wp-element-button\" href=\"https:\/\/401758.fs1.hubspotusercontent-na1.net\/hubfs\/401758\/Polycor%20Press%20Page\/Press%20release_Polycor%20investment%20announcement_FR.pdf\">En savoir plus<\/a>\r\n                        <\/div>\r\n                    <\/div>\r\n                                    <\/div>\r\n                            <div id=\"press-piece-57103\" class=\"ibf-press-piece\">\r\n                                                <a class=\"press-link-container\" href=\"https:\/\/401758.fs1.hubspotusercontent-na1.net\/hubfs\/401758\/Press_release_Rocamat_acquisition_FR.pdf\" style=\"background: center \/ 100% no-repeat url('https:\/\/dev2.polycor.com\/wp-content\/uploads\/2023\/09\/POL_SM-Rocamat-Acquisition_Website-Banner_FR.png');\">\r\n                                                            <\/a>\r\n                                                <a class=\"press-title-link\" href=\"https:\/\/401758.fs1.hubspotusercontent-na1.net\/hubfs\/401758\/Press_release_Rocamat_acquisition_FR.pdf\">\r\n                            <h3 class=\"press-title\">POLYCOR CONCR\u00c9TISE L\u2019ACQUISITION DE ROCAMAT, ACCENTUANT SON EXPERTISE EN PIERRE DE TAILLE MASSIVE<\/h3>\r\n                        <\/a>\r\n                                            <h4 class=\"press-date\">05\/09\/2023<\/h4>\r\n                                        <p class=\"press-body-text\">\u201cPolycor annonce avoir proc\u00e9d\u00e9 aujourd'hui \u00e0 la cl\u00f4ture de la transaction menant \u00e0 l'acquisition de ROCAMAT, principal producteur de pierre naturelle en France et acteur majeur de la production de pierre de construction sur la sc\u00e8ne internationale, dont l\u2019intention d\u2019acquisition par Polycor a \u00e9t\u00e9 annonc\u00e9e le 27 f\u00e9vrier dernier.\u201d<\/p>\r\n                                        <div class=\"wp-block-buttons is-content-justification-right press-item-read-more\">\r\n                        <div class=\"wp-block-button is-style-btn-underline--yellow\">\r\n                            <a class=\"wp-block-button__link wp-element-button\" href=\"https:\/\/401758.fs1.hubspotusercontent-na1.net\/hubfs\/401758\/Press_release_Rocamat_acquisition_FR.pdf\">En savoir plus<\/a>\r\n                        <\/div>\r\n                    <\/div>\r\n                                    <\/div>\r\n                            <div id=\"press-piece-56878\" class=\"ibf-press-piece\">\r\n                                                <a class=\"press-link-container\" href=\"https:\/\/401758.fs1.hubspotusercontent-na1.net\/hubfs\/401758\/Polycor%20Press%20Page\/Press_release_website_copy_FR.pdf\" style=\"background: center \/ 100% no-repeat url('https:\/\/dev2.polycor.com\/wp-content\/uploads\/2023\/08\/Ebel-Quarries-Inc.-1.jpg');\">\r\n                                                            <\/a>\r\n                                                <a class=\"press-title-link\" href=\"https:\/\/401758.fs1.hubspotusercontent-na1.net\/hubfs\/401758\/Polycor%20Press%20Page\/Press_release_website_copy_FR.pdf\">\r\n                            <h3 class=\"press-title\">POLYCOR INC., LEADER MONDIAL DE LA PIERRE NATURELLE, FAIT L\u2019ACQUISITION D\u2019EBEL QUARRIES<\/h3>\r\n                        <\/a>\r\n                                            <h4 class=\"press-date\">02\/02\/2023<\/h4>\r\n                                        <p class=\"press-body-text\">\u00ab Polycor Inc., une entreprise sp\u00e9cialis\u00e9e dans l\u2019extraction, la taille et la distribution de la pierre naturelle, et dont le si\u00e8ge social est situ\u00e9 au Qu\u00e9bec, annonce l'acquisition d'Ebel Quarries, une entreprise d'exploitation de carri\u00e8res et de fabrication de produits finis de calcaire situ\u00e9e \u00e0 Wiarton, en Ontario. Cette transaction, conclue le 1er f\u00e9vrier, permettra \u00e0 Polycor d\u2019\u00e9tendre sa pr\u00e9sence en Ontario afin de supporter la demande croissante pour la pierre naturelle et de diversifier sa gamme de produits gr\u00e2ce \u00e0 l'ajout d'une premi\u00e8re filiale ontarienne \u00e0 son r\u00e9seau bien \u00e9tabli d\u2019extraction et de transformation de pierre naturelle. \u00bb<\/p>\r\n                                        <div class=\"wp-block-buttons is-content-justification-right press-item-read-more\">\r\n                        <div class=\"wp-block-button is-style-btn-underline--yellow\">\r\n                            <a class=\"wp-block-button__link wp-element-button\" href=\"https:\/\/401758.fs1.hubspotusercontent-na1.net\/hubfs\/401758\/Polycor%20Press%20Page\/Press_release_website_copy_FR.pdf\">En savoir plus<\/a>\r\n                        <\/div>\r\n                    <\/div>\r\n                                    <\/div>\r\n                            <div id=\"press-piece-56876\" class=\"ibf-press-piece\">\r\n                                                <a class=\"press-link-container\" href=\"https:\/\/401758.fs1.hubspotusercontent-na1.net\/hubfs\/401758\/Press%20Release%20May%202022\/IQ%20BHEP%20Polycor%20Press%20RIs%20FINAL%20FR.pdf\" style=\"background: center \/ 100% no-repeat url('https:\/\/dev2.polycor.com\/wp-content\/uploads\/2023\/08\/Polycor-Birch-Hill-Investessement-Watercolor-Logo.jpeg');\">\r\n                                                            <\/a>\r\n                                                <a class=\"press-title-link\" href=\"https:\/\/401758.fs1.hubspotusercontent-na1.net\/hubfs\/401758\/Press%20Release%20May%202022\/IQ%20BHEP%20Polycor%20Press%20RIs%20FINAL%20FR.pdf\">\r\n                            <h3 class=\"press-title\">BIRCH HILL ET INVESTISSEMENT QU\u00c9BEC S\u2019ASSOCIENT AVEC L\u2019\u00c9QUIPE DE GESTION DE POLYCOR POUR ACQU\u00c9RIR LE LEADER MONDIAL DE L\u2019INDUSTRIE DE LA PIERRE NATURELLE<\/h3>\r\n                        <\/a>\r\n                                            <h4 class=\"press-date\">04\/05\/2022<\/h4>\r\n                                        <p class=\"press-body-text\">\u00ab&nbsp;Birch Hill Equity Partners et Investissement Qu\u00e9bec ont annonc\u00e9 aujourd\u2019hui l\u2019acquisition de Polycor Inc., en partenariat avec la direction de l\u2019entreprise, aupr\u00e8s de TorQuest Partners et ses co-investisseurs, Wynnchurch Capital et PNC Mezzanine Capital. La transaction, conclue le 29 avril, soutiendra la croissance continue de Polycor au Qu\u00e9bec et dans l\u2019ensemble de ses activit\u00e9s mondiales.&nbsp;\u00bb<\/p>\r\n                                        <div class=\"wp-block-buttons is-content-justification-right press-item-read-more\">\r\n                        <div class=\"wp-block-button is-style-btn-underline--yellow\">\r\n                            <a class=\"wp-block-button__link wp-element-button\" href=\"https:\/\/401758.fs1.hubspotusercontent-na1.net\/hubfs\/401758\/Press%20Release%20May%202022\/IQ%20BHEP%20Polycor%20Press%20RIs%20FINAL%20FR.pdf\">En savoir plus<\/a>\r\n                        <\/div>\r\n                    <\/div>\r\n                                    <\/div>\r\n                <\/div>\r\n    \r\n<style>\r\n.ibf-press-piece {\r\n    display: flex;\r\n    flex-direction: column;\r\n    align-content: center;\r\n    max-width: 90%;\r\n    margin: 35px auto;\r\n}\r\n\r\n.ibf-press-piece .press-link-container {\r\n    display: block;\r\n    position: relative;\r\n    width: 100%;\r\n    height: 300px;\r\n}\r\n\r\n.ibf-press-piece .press-background-overlay {\r\n    width: 100%;\r\n    height: 100%;\r\n}\r\n\r\n.ibf-press-piece h3.press-title {\r\n    text-transform: uppercase;\r\n    text-align: center;\r\n    color: #eeb310;\r\n    margin: 10px 0;\r\n}\r\n\r\n.ibf-press-piece .press-date {\r\n    text-align: center;\r\n    color: #eeb310;\r\n    margin-top: 0;\r\n    font-weight: 400;\r\n    font-size: 21px;\r\n}\r\n\r\n.ibf-press-piece .press-logo-container {\r\n    max-width: 25%;\r\n    position: absolute;\r\n    z-index: 1;\r\n    top: 50%;\r\n    left: 50%;\r\n    transform: translate(-50%, -50%);\r\n}\r\n\r\n.ibf-press-piece .press-body-text {\r\n    margin-bottom: 10px;\r\n    text-align: center;\r\n}\r\n\r\n.ibf-press-piece .press-item-read-more {\r\n    display: flex;\r\n}\r\n\r\n.ibf-press-piece .press-item-read-more .wp-block-button {\r\n    margin-right: 30px;\r\n}\r\n<\/style>\r\n<\/div>\n<\/div>\n\n\n\n<div class=\"wp-block-column is-layout-flow wp-block-column-is-layout-flow\" style=\"flex-basis:20%\"><\/div>\n<\/div>\n<div class=\"internal-search-metadata\"><p>medias, page<\/p><\/div>","protected":false},"excerpt":{"rendered":"<p>medias, page<\/p>\n","protected":false},"author":8,"featured_media":0,"parent":0,"menu_order":0,"comment_status":"closed","ping_status":"closed","template":"","meta":{"_acf_changed":false,"content-type":"","_kad_blocks_custom_css":"","_kad_blocks_head_custom_js":"","_kad_blocks_body_custom_js":"","_kad_blocks_footer_custom_js":"","_kad_post_transparent":"","_kad_post_title":"","_kad_post_layout":"","_kad_post_sidebar_id":"","_kad_post_content_style":"","_kad_post_vertical_padding":"","_kad_post_feature":"","_kad_post_feature_position":"","_kad_post_header":false,"_kad_post_footer":false,"_kad_post_classname":"","footnotes":""},"materials":[],"project-tags":[],"resource_type":[],"sites":[],"stone_tags":[],"product-tax":[],"application-tax":[],"class_list":["post-56858","page","type-page","status-publish","hentry"],"acf":[],"yoast_head":"<!-- This site is optimized with the Yoast SEO plugin v27.2 - https:\/\/yoast.com\/product\/yoast-seo-wordpress\/ -->\n<title>M\u00e9dias - Polycor Inc.<\/title>\n<meta name=\"robots\" content=\"noindex, follow, max-snippet:-1, max-image-preview:large, max-video-preview:-1\" \/>\n<meta property=\"og:locale\" content=\"fr_CA\" \/>\n<meta property=\"og:type\" content=\"article\" \/>\n<meta property=\"og:title\" content=\"M\u00e9dias - Polycor Inc.\" \/>\n<meta property=\"og:description\" content=\"medias, page\" \/>\n<meta property=\"og:url\" content=\"https:\/\/dev2.polycor.com\/fr-ca\/medias\/\" \/>\n<meta property=\"og:site_name\" content=\"Polycor Inc.\" \/>\n<meta property=\"article:modified_time\" content=\"2023-08-16T21:19:33+00:00\" \/>\n<meta property=\"og:image\" content=\"https:\/\/www.dev2.polycor.com\/wp-content\/uploads\/2023\/04\/Old-Post-Office-Building-Chicago-Polycor-Indiana-Limestone-Facade-Adaptive-Reuse-Project-HERO-2.jpg\" \/>\n<meta name=\"twitter:card\" content=\"summary_large_image\" \/>\n<meta name=\"twitter:label1\" content=\"Estimation du temps de lecture\" \/>\n\t<meta name=\"twitter:data1\" content=\"1 minute\" \/>\n<script type=\"application\/ld+json\" class=\"yoast-schema-graph\">{\"@context\":\"https:\/\/schema.org\",\"@graph\":[{\"@type\":\"WebPage\",\"@id\":\"https:\/\/dev2.polycor.com\/fr-ca\/medias\/\",\"url\":\"https:\/\/dev2.polycor.com\/fr-ca\/medias\/\",\"name\":\"M\u00e9dias - Polycor Inc.\",\"isPartOf\":{\"@id\":\"https:\/\/dev2.polycor.com\/fr-ca\/#website\"},\"primaryImageOfPage\":{\"@id\":\"https:\/\/dev2.polycor.com\/fr-ca\/medias\/#primaryimage\"},\"image\":{\"@id\":\"https:\/\/dev2.polycor.com\/fr-ca\/medias\/#primaryimage\"},\"thumbnailUrl\":\"https:\/\/www.dev2.polycor.com\/wp-content\/uploads\/2023\/04\/Old-Post-Office-Building-Chicago-Polycor-Indiana-Limestone-Facade-Adaptive-Reuse-Project-HERO-2.jpg\",\"datePublished\":\"2023-08-15T18:32:42+00:00\",\"dateModified\":\"2023-08-16T21:19:33+00:00\",\"breadcrumb\":{\"@id\":\"https:\/\/dev2.polycor.com\/fr-ca\/medias\/#breadcrumb\"},\"inLanguage\":\"fr-CA\",\"potentialAction\":[{\"@type\":\"ReadAction\",\"target\":[\"https:\/\/dev2.polycor.com\/fr-ca\/medias\/\"]}]},{\"@type\":\"ImageObject\",\"inLanguage\":\"fr-CA\",\"@id\":\"https:\/\/dev2.polycor.com\/fr-ca\/medias\/#primaryimage\",\"url\":\"https:\/\/www.dev2.polycor.com\/wp-content\/uploads\/2023\/04\/Old-Post-Office-Building-Chicago-Polycor-Indiana-Limestone-Facade-Adaptive-Reuse-Project-HERO-2.jpg\",\"contentUrl\":\"https:\/\/www.dev2.polycor.com\/wp-content\/uploads\/2023\/04\/Old-Post-Office-Building-Chicago-Polycor-Indiana-Limestone-Facade-Adaptive-Reuse-Project-HERO-2.jpg\"},{\"@type\":\"BreadcrumbList\",\"@id\":\"https:\/\/dev2.polycor.com\/fr-ca\/medias\/#breadcrumb\",\"itemListElement\":[{\"@type\":\"ListItem\",\"position\":1,\"name\":\"Home\",\"item\":\"https:\/\/dev2.polycor.com\/fr-ca\/\"},{\"@type\":\"ListItem\",\"position\":2,\"name\":\"M\u00e9dias\"}]},{\"@type\":\"WebSite\",\"@id\":\"https:\/\/dev2.polycor.com\/fr-ca\/#website\",\"url\":\"https:\/\/dev2.polycor.com\/fr-ca\/\",\"name\":\"Polycor Inc.\",\"description\":\"The Largest Portfolio of Natural Stone in North America\",\"publisher\":{\"@id\":\"https:\/\/dev2.polycor.com\/fr-ca\/#organization\"},\"potentialAction\":[{\"@type\":\"SearchAction\",\"target\":{\"@type\":\"EntryPoint\",\"urlTemplate\":\"https:\/\/dev2.polycor.com\/fr-ca\/?s={search_term_string}\"},\"query-input\":{\"@type\":\"PropertyValueSpecification\",\"valueRequired\":true,\"valueName\":\"search_term_string\"}}],\"inLanguage\":\"fr-CA\"},{\"@type\":\"Organization\",\"@id\":\"https:\/\/dev2.polycor.com\/fr-ca\/#organization\",\"name\":\"Polycor Inc.\",\"url\":\"https:\/\/dev2.polycor.com\/fr-ca\/\",\"logo\":{\"@type\":\"ImageObject\",\"inLanguage\":\"fr-CA\",\"@id\":\"https:\/\/dev2.polycor.com\/fr-ca\/#\/schema\/logo\/image\/\",\"url\":\"https:\/\/dev2.polycor.com\/wp-content\/uploads\/2023\/05\/pol-logo-fr.svg\",\"contentUrl\":\"https:\/\/dev2.polycor.com\/wp-content\/uploads\/2023\/05\/pol-logo-fr.svg\",\"width\":758,\"height\":148,\"caption\":\"Polycor Inc.\"},\"image\":{\"@id\":\"https:\/\/dev2.polycor.com\/fr-ca\/#\/schema\/logo\/image\/\"}}]}<\/script>\n<!-- \/ Yoast SEO plugin. -->","yoast_head_json":{"title":"M\u00e9dias - Polycor Inc.","robots":{"index":"noindex","follow":"follow","max-snippet":"max-snippet:-1","max-image-preview":"max-image-preview:large","max-video-preview":"max-video-preview:-1"},"og_locale":"fr_CA","og_type":"article","og_title":"M\u00e9dias - Polycor Inc.","og_description":"medias, page","og_url":"https:\/\/dev2.polycor.com\/fr-ca\/medias\/","og_site_name":"Polycor Inc.","article_modified_time":"2023-08-16T21:19:33+00:00","og_image":[{"url":"https:\/\/www.dev2.polycor.com\/wp-content\/uploads\/2023\/04\/Old-Post-Office-Building-Chicago-Polycor-Indiana-Limestone-Facade-Adaptive-Reuse-Project-HERO-2.jpg","type":"","width":"","height":""}],"twitter_card":"summary_large_image","twitter_misc":{"Estimation du temps de lecture":"1 minute"},"schema":{"@context":"https:\/\/schema.org","@graph":[{"@type":"WebPage","@id":"https:\/\/dev2.polycor.com\/fr-ca\/medias\/","url":"https:\/\/dev2.polycor.com\/fr-ca\/medias\/","name":"M\u00e9dias - Polycor Inc.","isPartOf":{"@id":"https:\/\/dev2.polycor.com\/fr-ca\/#website"},"primaryImageOfPage":{"@id":"https:\/\/dev2.polycor.com\/fr-ca\/medias\/#primaryimage"},"image":{"@id":"https:\/\/dev2.polycor.com\/fr-ca\/medias\/#primaryimage"},"thumbnailUrl":"https:\/\/www.dev2.polycor.com\/wp-content\/uploads\/2023\/04\/Old-Post-Office-Building-Chicago-Polycor-Indiana-Limestone-Facade-Adaptive-Reuse-Project-HERO-2.jpg","datePublished":"2023-08-15T18:32:42+00:00","dateModified":"2023-08-16T21:19:33+00:00","breadcrumb":{"@id":"https:\/\/dev2.polycor.com\/fr-ca\/medias\/#breadcrumb"},"inLanguage":"fr-CA","potentialAction":[{"@type":"ReadAction","target":["https:\/\/dev2.polycor.com\/fr-ca\/medias\/"]}]},{"@type":"ImageObject","inLanguage":"fr-CA","@id":"https:\/\/dev2.polycor.com\/fr-ca\/medias\/#primaryimage","url":"https:\/\/www.dev2.polycor.com\/wp-content\/uploads\/2023\/04\/Old-Post-Office-Building-Chicago-Polycor-Indiana-Limestone-Facade-Adaptive-Reuse-Project-HERO-2.jpg","contentUrl":"https:\/\/www.dev2.polycor.com\/wp-content\/uploads\/2023\/04\/Old-Post-Office-Building-Chicago-Polycor-Indiana-Limestone-Facade-Adaptive-Reuse-Project-HERO-2.jpg"},{"@type":"BreadcrumbList","@id":"https:\/\/dev2.polycor.com\/fr-ca\/medias\/#breadcrumb","itemListElement":[{"@type":"ListItem","position":1,"name":"Home","item":"https:\/\/dev2.polycor.com\/fr-ca\/"},{"@type":"ListItem","position":2,"name":"M\u00e9dias"}]},{"@type":"WebSite","@id":"https:\/\/dev2.polycor.com\/fr-ca\/#website","url":"https:\/\/dev2.polycor.com\/fr-ca\/","name":"Polycor Inc.","description":"The Largest Portfolio of Natural Stone in North America","publisher":{"@id":"https:\/\/dev2.polycor.com\/fr-ca\/#organization"},"potentialAction":[{"@type":"SearchAction","target":{"@type":"EntryPoint","urlTemplate":"https:\/\/dev2.polycor.com\/fr-ca\/?s={search_term_string}"},"query-input":{"@type":"PropertyValueSpecification","valueRequired":true,"valueName":"search_term_string"}}],"inLanguage":"fr-CA"},{"@type":"Organization","@id":"https:\/\/dev2.polycor.com\/fr-ca\/#organization","name":"Polycor Inc.","url":"https:\/\/dev2.polycor.com\/fr-ca\/","logo":{"@type":"ImageObject","inLanguage":"fr-CA","@id":"https:\/\/dev2.polycor.com\/fr-ca\/#\/schema\/logo\/image\/","url":"https:\/\/dev2.polycor.com\/wp-content\/uploads\/2023\/05\/pol-logo-fr.svg","contentUrl":"https:\/\/dev2.polycor.com\/wp-content\/uploads\/2023\/05\/pol-logo-fr.svg","width":758,"height":148,"caption":"Polycor Inc."},"image":{"@id":"https:\/\/dev2.polycor.com\/fr-ca\/#\/schema\/logo\/image\/"}}]}},"taxonomy_info":[],"featured_image_src_large":false,"author_info":{"display_name":"Nathan","author_link":"https:\/\/dev2.polycor.com\/fr-ca\/blog\/author\/nathanb\/"},"comment_info":0,"_links":{"self":[{"href":"https:\/\/dev2.polycor.com\/fr-ca\/wp-json\/wp\/v2\/pages\/56858","targetHints":{"allow":["GET"]}}],"collection":[{"href":"https:\/\/dev2.polycor.com\/fr-ca\/wp-json\/wp\/v2\/pages"}],"about":[{"href":"https:\/\/dev2.polycor.com\/fr-ca\/wp-json\/wp\/v2\/types\/page"}],"author":[{"embeddable":true,"href":"https:\/\/dev2.polycor.com\/fr-ca\/wp-json\/wp\/v2\/users\/8"}],"replies":[{"embeddable":true,"href":"https:\/\/dev2.polycor.com\/fr-ca\/wp-json\/wp\/v2\/comments?post=56858"}],"version-history":[{"count":5,"href":"https:\/\/dev2.polycor.com\/fr-ca\/wp-json\/wp\/v2\/pages\/56858\/revisions"}],"predecessor-version":[{"id":56886,"href":"https:\/\/dev2.polycor.com\/fr-ca\/wp-json\/wp\/v2\/pages\/56858\/revisions\/56886"}],"wp:attachment":[{"href":"https:\/\/dev2.polycor.com\/fr-ca\/wp-json\/wp\/v2\/media?parent=56858"}],"wp:term":[{"taxonomy":"materials","embeddable":true,"href":"https:\/\/dev2.polycor.com\/fr-ca\/wp-json\/wp\/v2\/materials?post=56858"},{"taxonomy":"project-tags","embeddable":true,"href":"https:\/\/dev2.polycor.com\/fr-ca\/wp-json\/wp\/v2\/project-tags?post=56858"},{"taxonomy":"resource_type","embeddable":true,"href":"https:\/\/dev2.polycor.com\/fr-ca\/wp-json\/wp\/v2\/resource_type?post=56858"},{"taxonomy":"sites","embeddable":true,"href":"https:\/\/dev2.polycor.com\/fr-ca\/wp-json\/wp\/v2\/sites?post=56858"},{"taxonomy":"stone_tags","embeddable":true,"href":"https:\/\/dev2.polycor.com\/fr-ca\/wp-json\/wp\/v2\/stone_tags?post=56858"},{"taxonomy":"product-tax","embeddable":true,"href":"https:\/\/dev2.polycor.com\/fr-ca\/wp-json\/wp\/v2\/product-tax?post=56858"},{"taxonomy":"application-tax","embeddable":true,"href":"https:\/\/dev2.polycor.com\/fr-ca\/wp-json\/wp\/v2\/application-tax?post=56858"}],"curies":[{"name":"wp","href":"https:\/\/api.w.org\/{rel}","templated":true}]}}