{"id":61134,"date":"2023-09-07T15:14:58","date_gmt":"2023-09-07T19:14:58","guid":{"rendered":"https:\/\/www.polycor.com\/evenements\/"},"modified":"2023-12-08T07:36:37","modified_gmt":"2023-12-08T12:36:37","slug":"evenements","status":"publish","type":"page","link":"https:\/\/dev2.polycor.com\/fr-ca\/evenements\/","title":{"rendered":"\u00c9v\u00e9nements"},"content":{"rendered":"\n<div class=\"wp-block-cover alignfull\"><span aria-hidden=\"true\" class=\"wp-block-cover__background has-background-dim-100 has-background-dim has-background-gradient has-black-max-30-opacity-gradient-background\"><\/span><img loading=\"lazy\" decoding=\"async\" width=\"2560\" height=\"1709\" src=\"https:\/\/dev2.polycor.com\/wp-content\/uploads\/2023\/09\/events-hero-scaled.jpg\" class=\"wp-block-cover__image-background wp-post-image\" alt=\"\" data-object-fit=\"cover\" srcset=\"https:\/\/dev2.polycor.com\/wp-content\/uploads\/2023\/09\/events-hero-scaled.jpg 2560w, https:\/\/dev2.polycor.com\/wp-content\/uploads\/2023\/09\/events-hero-300x200.jpg 300w, https:\/\/dev2.polycor.com\/wp-content\/uploads\/2023\/09\/events-hero-1024x684.jpg 1024w, https:\/\/dev2.polycor.com\/wp-content\/uploads\/2023\/09\/events-hero-1024x684.jpg 768w, https:\/\/dev2.polycor.com\/wp-content\/uploads\/2023\/09\/events-hero-1536x1025.jpg 1536w, https:\/\/dev2.polycor.com\/wp-content\/uploads\/2023\/09\/events-hero-2048x1367.jpg 2048w, https:\/\/dev2.polycor.com\/wp-content\/uploads\/2023\/09\/events-hero-1024x684.jpg 600w\" sizes=\"auto, (max-width: 2560px) 100vw, 2560px\" \/><div class=\"wp-block-cover__inner-container is-layout-constrained wp-block-cover-is-layout-constrained\">\n<h4 class=\"wp-block-heading has-text-align-center is-style-subtitle-uppercase has-theme-palette-1-color has-text-color\">Polycor<\/h4>\n\n\n<h1 class=\"has-text-align-center wp-block-post-title\">\u00c9v\u00e9nements<\/h1>\n\n\n<hr class=\"wp-block-separator has-alpha-channel-opacity is-style-yellow-line-horizontal\"\/>\n<\/div><\/div>\n<div class=\"facetwp-facet facetwp-facet-if_event_tags_listing facetwp-type-radio\" data-name=\"if_event_tags_listing\" data-type=\"radio\"><\/div>\n<div class=\"facetwp-template\" data-name=\"event_listings\"><div id=\"if-blocks-events-list-cards-main-wrapper\">\n\t\t\n\n\t<style>\n\n        #if-blocks-events-list-cards-main-wrapper div.if-blocks-events-list-cards-wrapper {\n            justify-content: left;\n        }\n\n        #if-blocks-events-list-cards-main-wrapper h3 {\n            color: #eeb310;\n        }\n\n        .if-blocks-events-list-filter-cards-wrapper {\n            margin-top: -25px;\n        }\n\n        .facetwp-facet-if_event_tags_listing {\n            padding-left: 0;\n            display: flex;\n            justify-content: center;\n            gap: 5vw;\n            flex-wrap: wrap;\n            margin-left: calc( 50% - ( var(--global-vw, 100vw) \/ 2 ));\n            margin-right: calc( 50% - ( var(--global-vw, 100vw) \/ 2 ));\n            max-width: 100vw;\n            width: var(--global-vw, 100vw);\n            margin-top: -25px;\n        }\n\n        .facetwp-facet-if_event_tags_listing .facetwp-radio {\n            background: none;\n            margin: 0;\n            min-width: 175px;\n            color: #000;\n            padding: 15px 10px;\n            text-transform: capitalize;\n            display: inline-block;\n            text-decoration: none;\n            font-weight: bold;\n            text-align: center;\n        }\n\n        .facetwp-facet-if_event_tags_listing .facetwp-radio.checked {\n            background: none;\n            color: #000;\n            border-bottom: 6px solid #eeb310;\n        }\n\n\t<\/style><\/div>\n\n<div style=\"height:50px\" aria-hidden=\"true\" class=\"wp-block-spacer\"><\/div>\n\n<div class=\"wp-block-cover alignfull\"><span aria-hidden=\"true\" class=\"wp-block-cover__background has-background-dim-100 has-background-dim wp-block-cover__gradient-background has-background-gradient has-black-70-opacity-gradient-background\"><\/span><img loading=\"lazy\" decoding=\"async\" width=\"2049\" height=\"1536\" class=\"wp-block-cover__image-background wp-image-57610\" alt=\"\" src=\"https:\/\/www.dev2.polycor.com\/wp-content\/uploads\/2023\/09\/events-cta.jpg\" style=\"object-position:50% 60%\" data-object-fit=\"cover\" data-object-position=\"50% 60%\" srcset=\"https:\/\/dev2.polycor.com\/wp-content\/uploads\/2023\/09\/events-cta.jpg 2049w, https:\/\/dev2.polycor.com\/wp-content\/uploads\/2023\/09\/events-cta-300x225.jpg 300w, https:\/\/dev2.polycor.com\/wp-content\/uploads\/2023\/09\/events-cta-1024x768.jpg 768w, https:\/\/dev2.polycor.com\/wp-content\/uploads\/2023\/09\/events-cta-1024x768.jpg 1024w, https:\/\/dev2.polycor.com\/wp-content\/uploads\/2023\/09\/events-cta-1536x1151.jpg 1536w, https:\/\/dev2.polycor.com\/wp-content\/uploads\/2023\/09\/events-cta-1024x768.jpg 600w, https:\/\/dev2.polycor.com\/wp-content\/uploads\/2023\/09\/events-cta-400x300.jpg 400w\" sizes=\"auto, (max-width: 2049px) 100vw, 2049px\" \/><div class=\"wp-block-cover__inner-container is-layout-constrained wp-block-cover-is-layout-constrained\">\n<h4 class=\"wp-block-heading has-text-align-center is-style-subtitle-uppercase has-theme-palette-1-color has-text-color\">Trouver un Expert<\/h4>\n\n\n\n<h2 class=\"wp-block-heading has-text-align-center has-large-font-size\">Pr\u00eat \u00e0 parler \u00e0 un expert<br\/>\u00e0 propos de la pierre naturelle ?<\/h2>\n\n\n\n<hr class=\"wp-block-separator has-alpha-channel-opacity is-style-yellow-line-horizontal\"\/>\n\n\n\n<div class=\"wp-block-buttons is-content-justification-center is-layout-flex wp-container-core-buttons-is-layout-16018d1d wp-block-buttons-is-layout-flex\">\n<div class=\"wp-block-button\"><a class=\"wp-block-button__link wp-element-button\" href=\"https:\/\/www.dev2.polycor.com\/fr-ca\/nous-joindre\/\">Parler \u00e0 un expert<\/a><\/div>\n<\/div>\n<\/div><\/div>\n<div class=\"internal-search-metadata\"><p>evenements, page<\/p><\/div>","protected":false},"excerpt":{"rendered":"<p>evenements, page<\/p>\n","protected":false},"author":3,"featured_media":57608,"parent":0,"menu_order":0,"comment_status":"closed","ping_status":"closed","template":"","meta":{"_acf_changed":false,"content-type":"","_kad_blocks_custom_css":"","_kad_blocks_head_custom_js":"","_kad_blocks_body_custom_js":"","_kad_blocks_footer_custom_js":"","_kad_post_transparent":"","_kad_post_title":"","_kad_post_layout":"","_kad_post_sidebar_id":"","_kad_post_content_style":"","_kad_post_vertical_padding":"","_kad_post_feature":"","_kad_post_feature_position":"","_kad_post_header":false,"_kad_post_footer":false,"_kad_post_classname":"","footnotes":""},"materials":[],"project-tags":[],"resource_type":[],"sites":[],"stone_tags":[],"product-tax":[],"application-tax":[],"class_list":["post-61134","page","type-page","status-publish","has-post-thumbnail","hentry"],"acf":[],"yoast_head":"<!-- This site is optimized with the Yoast SEO plugin v27.2 - https:\/\/yoast.com\/product\/yoast-seo-wordpress\/ -->\n<title>\u00c9v\u00e9nements - Polycor Inc.<\/title>\n<meta name=\"robots\" content=\"noindex, follow, max-snippet:-1, max-image-preview:large, max-video-preview:-1\" \/>\n<meta property=\"og:locale\" content=\"fr_CA\" \/>\n<meta property=\"og:type\" content=\"article\" \/>\n<meta property=\"og:title\" content=\"\u00c9v\u00e9nements - Polycor Inc.\" \/>\n<meta property=\"og:description\" content=\"evenements, page\" \/>\n<meta property=\"og:url\" content=\"https:\/\/dev2.polycor.com\/fr-ca\/evenements\/\" \/>\n<meta property=\"og:site_name\" content=\"Polycor Inc.\" \/>\n<meta property=\"article:modified_time\" content=\"2023-12-08T12:36:37+00:00\" \/>\n<meta property=\"og:image\" content=\"https:\/\/dev2.polycor.com\/wp-content\/uploads\/2023\/09\/events-hero-scaled.jpg\" \/>\n\t<meta property=\"og:image:width\" content=\"2560\" \/>\n\t<meta property=\"og:image:height\" content=\"1709\" \/>\n\t<meta property=\"og:image:type\" content=\"image\/jpeg\" \/>\n<meta name=\"twitter:card\" content=\"summary_large_image\" \/>\n<script type=\"application\/ld+json\" class=\"yoast-schema-graph\">{\"@context\":\"https:\/\/schema.org\",\"@graph\":[{\"@type\":\"WebPage\",\"@id\":\"https:\/\/dev2.polycor.com\/fr-ca\/evenements\/\",\"url\":\"https:\/\/dev2.polycor.com\/fr-ca\/evenements\/\",\"name\":\"\u00c9v\u00e9nements - Polycor Inc.\",\"isPartOf\":{\"@id\":\"https:\/\/dev2.polycor.com\/fr-ca\/#website\"},\"primaryImageOfPage\":{\"@id\":\"https:\/\/dev2.polycor.com\/fr-ca\/evenements\/#primaryimage\"},\"image\":{\"@id\":\"https:\/\/dev2.polycor.com\/fr-ca\/evenements\/#primaryimage\"},\"thumbnailUrl\":\"https:\/\/dev2.polycor.com\/wp-content\/uploads\/2023\/09\/events-hero-scaled.jpg\",\"datePublished\":\"2023-09-07T19:14:58+00:00\",\"dateModified\":\"2023-12-08T12:36:37+00:00\",\"breadcrumb\":{\"@id\":\"https:\/\/dev2.polycor.com\/fr-ca\/evenements\/#breadcrumb\"},\"inLanguage\":\"fr-CA\",\"potentialAction\":[{\"@type\":\"ReadAction\",\"target\":[\"https:\/\/dev2.polycor.com\/fr-ca\/evenements\/\"]}]},{\"@type\":\"ImageObject\",\"inLanguage\":\"fr-CA\",\"@id\":\"https:\/\/dev2.polycor.com\/fr-ca\/evenements\/#primaryimage\",\"url\":\"https:\/\/dev2.polycor.com\/wp-content\/uploads\/2023\/09\/events-hero-scaled.jpg\",\"contentUrl\":\"https:\/\/dev2.polycor.com\/wp-content\/uploads\/2023\/09\/events-hero-scaled.jpg\",\"width\":2560,\"height\":1709},{\"@type\":\"BreadcrumbList\",\"@id\":\"https:\/\/dev2.polycor.com\/fr-ca\/evenements\/#breadcrumb\",\"itemListElement\":[{\"@type\":\"ListItem\",\"position\":1,\"name\":\"Home\",\"item\":\"https:\/\/dev2.polycor.com\/fr-ca\/\"},{\"@type\":\"ListItem\",\"position\":2,\"name\":\"\u00c9v\u00e9nements\"}]},{\"@type\":\"WebSite\",\"@id\":\"https:\/\/dev2.polycor.com\/fr-ca\/#website\",\"url\":\"https:\/\/dev2.polycor.com\/fr-ca\/\",\"name\":\"Polycor Inc.\",\"description\":\"The Largest Portfolio of Natural Stone in North America\",\"publisher\":{\"@id\":\"https:\/\/dev2.polycor.com\/fr-ca\/#organization\"},\"potentialAction\":[{\"@type\":\"SearchAction\",\"target\":{\"@type\":\"EntryPoint\",\"urlTemplate\":\"https:\/\/dev2.polycor.com\/fr-ca\/?s={search_term_string}\"},\"query-input\":{\"@type\":\"PropertyValueSpecification\",\"valueRequired\":true,\"valueName\":\"search_term_string\"}}],\"inLanguage\":\"fr-CA\"},{\"@type\":\"Organization\",\"@id\":\"https:\/\/dev2.polycor.com\/fr-ca\/#organization\",\"name\":\"Polycor Inc.\",\"url\":\"https:\/\/dev2.polycor.com\/fr-ca\/\",\"logo\":{\"@type\":\"ImageObject\",\"inLanguage\":\"fr-CA\",\"@id\":\"https:\/\/dev2.polycor.com\/fr-ca\/#\/schema\/logo\/image\/\",\"url\":\"https:\/\/dev2.polycor.com\/wp-content\/uploads\/2023\/05\/pol-logo-fr.svg\",\"contentUrl\":\"https:\/\/dev2.polycor.com\/wp-content\/uploads\/2023\/05\/pol-logo-fr.svg\",\"width\":758,\"height\":148,\"caption\":\"Polycor Inc.\"},\"image\":{\"@id\":\"https:\/\/dev2.polycor.com\/fr-ca\/#\/schema\/logo\/image\/\"}}]}<\/script>\n<!-- \/ Yoast SEO plugin. -->","yoast_head_json":{"title":"\u00c9v\u00e9nements - Polycor Inc.","robots":{"index":"noindex","follow":"follow","max-snippet":"max-snippet:-1","max-image-preview":"max-image-preview:large","max-video-preview":"max-video-preview:-1"},"og_locale":"fr_CA","og_type":"article","og_title":"\u00c9v\u00e9nements - Polycor Inc.","og_description":"evenements, page","og_url":"https:\/\/dev2.polycor.com\/fr-ca\/evenements\/","og_site_name":"Polycor Inc.","article_modified_time":"2023-12-08T12:36:37+00:00","og_image":[{"width":2560,"height":1709,"url":"https:\/\/dev2.polycor.com\/wp-content\/uploads\/2023\/09\/events-hero-scaled.jpg","type":"image\/jpeg"}],"twitter_card":"summary_large_image","schema":{"@context":"https:\/\/schema.org","@graph":[{"@type":"WebPage","@id":"https:\/\/dev2.polycor.com\/fr-ca\/evenements\/","url":"https:\/\/dev2.polycor.com\/fr-ca\/evenements\/","name":"\u00c9v\u00e9nements - Polycor Inc.","isPartOf":{"@id":"https:\/\/dev2.polycor.com\/fr-ca\/#website"},"primaryImageOfPage":{"@id":"https:\/\/dev2.polycor.com\/fr-ca\/evenements\/#primaryimage"},"image":{"@id":"https:\/\/dev2.polycor.com\/fr-ca\/evenements\/#primaryimage"},"thumbnailUrl":"https:\/\/dev2.polycor.com\/wp-content\/uploads\/2023\/09\/events-hero-scaled.jpg","datePublished":"2023-09-07T19:14:58+00:00","dateModified":"2023-12-08T12:36:37+00:00","breadcrumb":{"@id":"https:\/\/dev2.polycor.com\/fr-ca\/evenements\/#breadcrumb"},"inLanguage":"fr-CA","potentialAction":[{"@type":"ReadAction","target":["https:\/\/dev2.polycor.com\/fr-ca\/evenements\/"]}]},{"@type":"ImageObject","inLanguage":"fr-CA","@id":"https:\/\/dev2.polycor.com\/fr-ca\/evenements\/#primaryimage","url":"https:\/\/dev2.polycor.com\/wp-content\/uploads\/2023\/09\/events-hero-scaled.jpg","contentUrl":"https:\/\/dev2.polycor.com\/wp-content\/uploads\/2023\/09\/events-hero-scaled.jpg","width":2560,"height":1709},{"@type":"BreadcrumbList","@id":"https:\/\/dev2.polycor.com\/fr-ca\/evenements\/#breadcrumb","itemListElement":[{"@type":"ListItem","position":1,"name":"Home","item":"https:\/\/dev2.polycor.com\/fr-ca\/"},{"@type":"ListItem","position":2,"name":"\u00c9v\u00e9nements"}]},{"@type":"WebSite","@id":"https:\/\/dev2.polycor.com\/fr-ca\/#website","url":"https:\/\/dev2.polycor.com\/fr-ca\/","name":"Polycor Inc.","description":"The Largest Portfolio of Natural Stone in North America","publisher":{"@id":"https:\/\/dev2.polycor.com\/fr-ca\/#organization"},"potentialAction":[{"@type":"SearchAction","target":{"@type":"EntryPoint","urlTemplate":"https:\/\/dev2.polycor.com\/fr-ca\/?s={search_term_string}"},"query-input":{"@type":"PropertyValueSpecification","valueRequired":true,"valueName":"search_term_string"}}],"inLanguage":"fr-CA"},{"@type":"Organization","@id":"https:\/\/dev2.polycor.com\/fr-ca\/#organization","name":"Polycor Inc.","url":"https:\/\/dev2.polycor.com\/fr-ca\/","logo":{"@type":"ImageObject","inLanguage":"fr-CA","@id":"https:\/\/dev2.polycor.com\/fr-ca\/#\/schema\/logo\/image\/","url":"https:\/\/dev2.polycor.com\/wp-content\/uploads\/2023\/05\/pol-logo-fr.svg","contentUrl":"https:\/\/dev2.polycor.com\/wp-content\/uploads\/2023\/05\/pol-logo-fr.svg","width":758,"height":148,"caption":"Polycor Inc."},"image":{"@id":"https:\/\/dev2.polycor.com\/fr-ca\/#\/schema\/logo\/image\/"}}]}},"taxonomy_info":[],"featured_image_src_large":["https:\/\/dev2.polycor.com\/wp-content\/uploads\/2023\/09\/events-hero-1024x684.jpg",1024,684,true],"author_info":{"display_name":"Jim","author_link":"https:\/\/dev2.polycor.com\/fr-ca\/blog\/author\/jimt\/"},"comment_info":0,"_links":{"self":[{"href":"https:\/\/dev2.polycor.com\/fr-ca\/wp-json\/wp\/v2\/pages\/61134","targetHints":{"allow":["GET"]}}],"collection":[{"href":"https:\/\/dev2.polycor.com\/fr-ca\/wp-json\/wp\/v2\/pages"}],"about":[{"href":"https:\/\/dev2.polycor.com\/fr-ca\/wp-json\/wp\/v2\/types\/page"}],"author":[{"embeddable":true,"href":"https:\/\/dev2.polycor.com\/fr-ca\/wp-json\/wp\/v2\/users\/3"}],"replies":[{"embeddable":true,"href":"https:\/\/dev2.polycor.com\/fr-ca\/wp-json\/wp\/v2\/comments?post=61134"}],"version-history":[{"count":5,"href":"https:\/\/dev2.polycor.com\/fr-ca\/wp-json\/wp\/v2\/pages\/61134\/revisions"}],"predecessor-version":[{"id":61214,"href":"https:\/\/dev2.polycor.com\/fr-ca\/wp-json\/wp\/v2\/pages\/61134\/revisions\/61214"}],"wp:featuredmedia":[{"embeddable":true,"href":"https:\/\/dev2.polycor.com\/fr-ca\/wp-json\/wp\/v2\/media\/57608"}],"wp:attachment":[{"href":"https:\/\/dev2.polycor.com\/fr-ca\/wp-json\/wp\/v2\/media?parent=61134"}],"wp:term":[{"taxonomy":"materials","embeddable":true,"href":"https:\/\/dev2.polycor.com\/fr-ca\/wp-json\/wp\/v2\/materials?post=61134"},{"taxonomy":"project-tags","embeddable":true,"href":"https:\/\/dev2.polycor.com\/fr-ca\/wp-json\/wp\/v2\/project-tags?post=61134"},{"taxonomy":"resource_type","embeddable":true,"href":"https:\/\/dev2.polycor.com\/fr-ca\/wp-json\/wp\/v2\/resource_type?post=61134"},{"taxonomy":"sites","embeddable":true,"href":"https:\/\/dev2.polycor.com\/fr-ca\/wp-json\/wp\/v2\/sites?post=61134"},{"taxonomy":"stone_tags","embeddable":true,"href":"https:\/\/dev2.polycor.com\/fr-ca\/wp-json\/wp\/v2\/stone_tags?post=61134"},{"taxonomy":"product-tax","embeddable":true,"href":"https:\/\/dev2.polycor.com\/fr-ca\/wp-json\/wp\/v2\/product-tax?post=61134"},{"taxonomy":"application-tax","embeddable":true,"href":"https:\/\/dev2.polycor.com\/fr-ca\/wp-json\/wp\/v2\/application-tax?post=61134"}],"curies":[{"name":"wp","href":"https:\/\/api.w.org\/{rel}","templated":true}]}}