{"id":69140,"date":"2024-08-06T11:51:00","date_gmt":"2024-08-06T15:51:00","guid":{"rendered":"https:\/\/www.polycor.com\/?page_id=69140"},"modified":"2024-11-08T10:37:57","modified_gmt":"2024-11-08T15:37:57","slug":"pierre-massive","status":"publish","type":"page","link":"https:\/\/dev2.polycor.com\/fr\/pierre-massive\/","title":{"rendered":"Pierre Massive"},"content":{"rendered":"\n<div class=\"wp-block-cover alignfull\"><span aria-hidden=\"true\" class=\"wp-block-cover__background has-theme-palette-3-background-color has-background-dim-30 has-background-dim\"><\/span><img loading=\"lazy\" decoding=\"async\" width=\"2560\" height=\"1784\" class=\"wp-block-cover__image-background wp-image-69141\" alt=\"\" src=\"https:\/\/www.dev2.polycor.com\/wp-content\/uploads\/2024\/08\/GymnaseMimounArtibal-scaled.jpeg\" style=\"object-position:52% 47%\" data-object-fit=\"cover\" data-object-position=\"52% 47%\" srcset=\"https:\/\/dev2.polycor.com\/wp-content\/uploads\/2024\/08\/GymnaseMimounArtibal-scaled.jpeg 2560w, https:\/\/dev2.polycor.com\/wp-content\/uploads\/2024\/08\/GymnaseMimounArtibal-300x209.jpeg 300w, https:\/\/dev2.polycor.com\/wp-content\/uploads\/2024\/08\/GymnaseMimounArtibal-1024x713.jpeg 1024w, https:\/\/dev2.polycor.com\/wp-content\/uploads\/2024\/08\/GymnaseMimounArtibal-1024x713.jpeg 768w, https:\/\/dev2.polycor.com\/wp-content\/uploads\/2024\/08\/GymnaseMimounArtibal-1536x1070.jpeg 1536w, https:\/\/dev2.polycor.com\/wp-content\/uploads\/2024\/08\/GymnaseMimounArtibal-2048x1427.jpeg 2048w, https:\/\/dev2.polycor.com\/wp-content\/uploads\/2024\/08\/GymnaseMimounArtibal-1024x713.jpeg 600w\" sizes=\"auto, (max-width: 2560px) 100vw, 2560px\" \/><div class=\"wp-block-cover__inner-container is-layout-flow wp-block-cover-is-layout-flow\">\n<h4 class=\"wp-block-heading has-text-align-center is-style-subtitle-uppercase has-theme-palette-1-color has-text-color\">ARCHITECTURE<\/h4>\n\n\n\n<h1 class=\"wp-block-heading has-text-align-center has-theme-palette-9-color has-text-color has-link-color wp-elements-55fb4f2a708a5156707ffa16e28f81d6\">Murs massifs structurels <br>et non structurels<\/h1>\n\n\n\n<hr class=\"wp-block-separator has-alpha-channel-opacity is-style-yellow-line-horizontal\"\/>\n<\/div><\/div>\n\n\n\n<div style=\"height:50px\" aria-hidden=\"true\" class=\"wp-block-spacer\"><\/div>\n\n\n\n<div class=\"wp-block-columns is-layout-flex wp-container-core-columns-is-layout-9d6595d7 wp-block-columns-is-layout-flex\">\n<div class=\"wp-block-column is-layout-flow wp-block-column-is-layout-flow\" style=\"flex-basis:10%\"><\/div>\n\n\n\n<div class=\"wp-block-column is-layout-flow wp-block-column-is-layout-flow\" style=\"flex-basis:80%\">\n<h4 class=\"wp-block-heading has-text-align-center is-style-default has-theme-palette-1-color has-text-color has-link-color wp-elements-1fe952dff800b30d62336b64c6aec5ce\">Murs massifs structurels, murs massifs non structurels et fa\u00e7ades<\/h4>\n\n\n\n<h2 class=\"wp-block-heading has-text-align-center\">Construire en pierre massive locale est un choix responsable qui permet d\u2019obtenir des constructions bas carbones<\/h2>\n\n\n\n<hr class=\"wp-block-separator has-alpha-channel-opacity is-style-yellow-line-horizontal\"\/>\n<\/div>\n\n\n\n<div class=\"wp-block-column is-layout-flow wp-block-column-is-layout-flow\" style=\"flex-basis:10%\"><\/div>\n<\/div>\n\n\n\n<div style=\"height:50px\" aria-hidden=\"true\" class=\"wp-block-spacer\"><\/div>\n\n\n\n<div class=\"wp-block-group is-style-yellow-line-vertical--left\"><div class=\"wp-block-group__inner-container is-layout-constrained wp-block-group-is-layout-constrained\">\n<h4 class=\"wp-block-heading is-style-subtitle-uppercase has-theme-palette-1-color has-text-color\">Rev\u00eatements<\/h4>\n\n\n\n<h2 class=\"wp-block-heading\">D\u00e9couvrez les applications<\/h2>\n<\/div><\/div>\n\n\n    <div id=\"if-dynamic-cards-wrapper-ibf-staticcards-block_612e20a7698e28a377771e7b8330b102\" class='if-dynamic-cards-wrapper template-cards-portfolio if-dynamic-cards-no-slider static-cards-wrapper '>\n      <div class=\"if-dynamic-cards-content-wrapper\">\n        <div class=\"if-dynamic-cards-content static-cards-no-slider\">\n  <div class=\"if-dynamic-card-wrapper if-dynamic-cards-wrapper-card-type-\" data-post_type=\"\">\r\n    <a href=\"https:\/\/www.dev2.polycor.com\/fr\/pierre-massive\/#pierre-massive-structurelle\" class=\"if-dynamic-card card-type- \" data-post_type=\"\" style=\"background-image: url(&#039;https:\/\/dev2.polycor.com\/wp-content\/uploads\/2024\/08\/GymnaseMimounArtibal-scaled.jpeg&#039;);\">\r\n        <div class=\"if-dynamic-card-content\">\r\n            <h4 class=\"if-dynamic-card-title\">Pierre massive structurelle<\/h4>\r\n        <\/div>\r\n    <\/a>\r\n<\/div>\r\n<div class=\"if-dynamic-card-wrapper if-dynamic-cards-wrapper-card-type-\" data-post_type=\"\">\r\n    <a href=\"https:\/\/www.dev2.polycor.com\/fr\/pierre-massive\/#pierre-massive-non-structurelle\" class=\"if-dynamic-card card-type- \" data-post_type=\"\" style=\"background-image: url(&#039;https:\/\/dev2.polycor.com\/wp-content\/uploads\/2024\/08\/usine-POLYCORfrance-Oise-3juillet2024-160-scaled.jpg&#039;);\">\r\n        <div class=\"if-dynamic-card-content\">\r\n            <h4 class=\"if-dynamic-card-title\">Pierre massive non structurelle<\/h4>\r\n        <\/div>\r\n    <\/a>\r\n<\/div>\r\n      <\/div>\n    <\/div>\n  <\/div>\n\n<style>\n\n<\/style>\n\n\n\n\n<div style=\"height:50px\" aria-hidden=\"true\" class=\"wp-block-spacer\"><\/div>\n\n\n\n<div class=\"wp-block-media-text is-stacked-on-mobile\" id=\"pierre-massive-structurelle\"><figure class=\"wp-block-media-text__media\"><img loading=\"lazy\" decoding=\"async\" width=\"768\" height=\"1024\" src=\"https:\/\/www.dev2.polycor.com\/wp-content\/uploads\/2024\/08\/LeshallessaintDizier-2-768x1024.jpg\" alt=\"\" class=\"wp-image-69149 size-full\" srcset=\"https:\/\/dev2.polycor.com\/wp-content\/uploads\/2024\/08\/LeshallessaintDizier-2-768x1024.jpg 768w, https:\/\/dev2.polycor.com\/wp-content\/uploads\/2024\/08\/LeshallessaintDizier-2-225x300.jpg 225w, https:\/\/dev2.polycor.com\/wp-content\/uploads\/2024\/08\/LeshallessaintDizier-2-1152x1536.jpg 1152w, https:\/\/dev2.polycor.com\/wp-content\/uploads\/2024\/08\/LeshallessaintDizier-2-375x500.jpg 375w, https:\/\/dev2.polycor.com\/wp-content\/uploads\/2024\/08\/LeshallessaintDizier-2-300x400.jpg 300w, https:\/\/dev2.polycor.com\/wp-content\/uploads\/2024\/08\/LeshallessaintDizier-2.jpg 1280w\" sizes=\"auto, (max-width: 768px) 100vw, 768px\" \/><\/figure><div class=\"wp-block-media-text__content\">\n<h5 class=\"wp-block-heading is-style-subtitle-uppercase has-theme-palette-1-color has-text-color\">PIERRE MASSIVE STRUCTURELLE<\/h5>\n\n\n\n<h3 class=\"wp-block-heading\">Optimisez la performance de vos b\u00e2timents avec la pierre massive structurelle<\/h3>\n\n\n\n<hr class=\"wp-block-separator has-alpha-channel-opacity is-style-yellow-line-horizontal--left\"\/>\n\n\n\n<div style=\"height:30px\" aria-hidden=\"true\" class=\"wp-block-spacer\"><\/div>\n\n\n\n<p><strong>La pierre massive structurelle&nbsp;:<\/strong> La structure du b\u00e2timent est r\u00e9alis\u00e9e uniquement avec la pierre naturelle calcaire.<\/p>\n\n\n\n<p>Nos gisements de pierres tendres r\u00e9partis sur tout le territoire fran\u00e7ais, Polycor vous donne acc\u00e8s \u00e0 un mat\u00e9riau \u00e0 haute qualit\u00e9 environnementale pr\u00e8s de chez vous. Nos pierres de <a href=\"https:\/\/www.dev2.polycor.com\/fr\/pierres\/pierre-de-saint-vaast-fin\/\"><strong>Saint- Vaast<\/strong><\/a><strong>, <\/strong><a href=\"https:\/\/www.dev2.polycor.com\/fr\/pierres\/pierre-de-saint-leu\/\"><strong>Saint-Leu<\/strong><\/a><strong>, <\/strong><a href=\"\/fr\/pierres\/pierre-de-tervoux\/\"><strong>Tervoux<\/strong><\/a><strong>, <\/strong><a href=\"\/fr\/pierres\/pierre-de-sireuil-beige\/\"><strong>Sireuil<\/strong><\/a><strong>, \u2026. <\/strong>sont particuli\u00e8rement bien adapt\u00e9es pour ce type de projet, tout en restant dans des budgets comp\u00e9titifs vis-\u00e0-vis de la construction traditionnelle. La p\u00e9rennit\u00e9 dans le temps et le co\u00fbt d\u2019entretien du b\u00e2timent sont plus rentables sur des fa\u00e7ades en pierre que sur d\u2018autres mat\u00e9riaux (bois, b\u00e9ton\u2026).&nbsp;<\/p>\n\n\n\n<p>Construire en pierre massive locale est un choix responsable qui permet d\u2019obtenir des constructions bas carbones. L\u2019usage de la pierre massive donnera une forte inertie thermique \u00e0 votre b\u00e2timent, ce qui vous permettra de b\u00e9n\u00e9ficier d\u2019un confort d\u2019\u00e9t\u00e9 remarquable.<\/p>\n\n\n\n<p>Notre \u00e9quipe commerciale est \u00e0 votre disposition pour construire avec vous votre projet en pierre massive dans le respect des normes du DTU 20.1.<\/p>\n\n\n\n<p class=\"has-text-align-right has-small-font-size\"><em>Cr\u00e9dits<\/em>: <em>Les Halles Saint-Dizier Studiolada<\/em><\/p>\n<\/div><\/div>\n\n\n\n<div class=\"wp-block-media-text has-media-on-the-right is-stacked-on-mobile\" id=\"pierre-massive-non-structurelle\"><div class=\"wp-block-media-text__content\">\n<h3 class=\"wp-block-heading\">PIERRE MASSIVE NON STRUCTURELLE<\/h3>\n\n\n\n<hr class=\"wp-block-separator has-alpha-channel-opacity is-style-yellow-line-horizontal--left\"\/>\n\n\n\n<div style=\"height:30px\" aria-hidden=\"true\" class=\"wp-block-spacer\"><\/div>\n\n\n\n<p><strong>La pierre massive non structurelle&nbsp;: <\/strong>La structure du b\u00e2timent est r\u00e9alis\u00e9e en b\u00e9ton, puis habill\u00e9e de murs de pierre naturelle calcaire appel\u00e9es Fa\u00e7ades. Pour de plus amples informations, visitez la page Fa\u00e7ades.<\/p>\n<\/div><figure class=\"wp-block-media-text__media\"><img loading=\"lazy\" decoding=\"async\" width=\"1024\" height=\"683\" src=\"https:\/\/www.dev2.polycor.com\/wp-content\/uploads\/2024\/08\/ROCAMAT-pierre-de-Sebastopol-fine-Maison-Medical-dAutin-le-Roman-1024x683.jpg\" alt=\"\" class=\"wp-image-69159 size-full\" srcset=\"https:\/\/dev2.polycor.com\/wp-content\/uploads\/2024\/08\/ROCAMAT-pierre-de-Sebastopol-fine-Maison-Medical-dAutin-le-Roman-1024x683.jpg 1024w, https:\/\/dev2.polycor.com\/wp-content\/uploads\/2024\/08\/ROCAMAT-pierre-de-Sebastopol-fine-Maison-Medical-dAutin-le-Roman-300x200.jpg 300w, https:\/\/dev2.polycor.com\/wp-content\/uploads\/2024\/08\/ROCAMAT-pierre-de-Sebastopol-fine-Maison-Medical-dAutin-le-Roman-1024x683.jpg 768w, https:\/\/dev2.polycor.com\/wp-content\/uploads\/2024\/08\/ROCAMAT-pierre-de-Sebastopol-fine-Maison-Medical-dAutin-le-Roman-1024x683.jpg 600w, https:\/\/dev2.polycor.com\/wp-content\/uploads\/2024\/08\/ROCAMAT-pierre-de-Sebastopol-fine-Maison-Medical-dAutin-le-Roman.jpg 1536w\" sizes=\"auto, (max-width: 1024px) 100vw, 1024px\" \/><\/figure><\/div>\n\n\n\n<div style=\"height:100px\" aria-hidden=\"true\" class=\"wp-block-spacer\"><\/div>\n\n\n\n<div class=\"wp-block-group\"><div class=\"wp-block-group__inner-container is-layout-constrained wp-block-group-is-layout-constrained\">\n<h4 class=\"wp-block-heading has-text-align-center has-theme-palette-1-color has-text-color has-link-color wp-elements-1af8f67ce159f6e905b85023d05e6d31\">VOUS CHERCHEZ DE LA PIERRE NATURELLE ?<\/h4>\n\n\n\n<h2 class=\"wp-block-heading has-text-align-center\">Mat\u00e9riaux id\u00e9aux pour la pierre massive<\/h2>\n<\/div><\/div>\n\n\n\n<div class=\"wp-block-group\"><div class=\"wp-block-group__inner-container is-layout-constrained wp-block-group-is-layout-constrained\">\n<div class=\"wp-block-columns is-layout-flex wp-container-core-columns-is-layout-9d6595d7 wp-block-columns-is-layout-flex\">\n<div class=\"wp-block-column is-layout-flow wp-block-column-is-layout-flow\" style=\"flex-basis:100%\">\n<div class=\"wp-block-columns is-layout-flex wp-container-core-columns-is-layout-9d6595d7 wp-block-columns-is-layout-flex\">\n<div class=\"wp-block-column is-layout-flow wp-block-column-is-layout-flow\" style=\"flex-basis:5%\"><\/div>\n\n\n\n<div class=\"wp-block-column is-layout-flow wp-block-column-is-layout-flow\" style=\"flex-basis:90%\"><div id=\"stone-finishes-slider-block_d4e67a2fc5e74f4460d890d51e0494cc\" class=\"ibf-stone-finishes-slider stones-cards-columns stone-finishes-slider-container\">\n          <div class=\"stone-finishes-card\">\n          <a href=\"https:\/\/dev2.polycor.com\/fr\/pierres\/pierre-de-saint-vaast-fine\/\" class=\"stone-card-image-and-title-container \">\n                          <div class=\"stone-card-image\" style=\"background: url('https:\/\/dev2.polycor.com\/wp-content\/uploads\/2024\/10\/Saint-Vaast-Fine_HD1600x1600.jpg') no-repeat center\/150%\"><\/div>\n                        <h5 class=\"stone-card-title\">Saint-Vaast\u2122 fine<\/h5>\n          <\/a>\n                            <\/div>\n              <div class=\"stone-finishes-card\">\n          <a href=\"https:\/\/dev2.polycor.com\/fr\/pierres\/pierre-de-saint-leu\/\" class=\"stone-card-image-and-title-container \">\n                          <div class=\"stone-card-image\" style=\"background: url('https:\/\/dev2.polycor.com\/wp-content\/uploads\/2024\/10\/Saint-Leu_HD1600x1600.jpg') no-repeat center\/150%\"><\/div>\n                        <h5 class=\"stone-card-title\">Saint-Leu<\/h5>\n          <\/a>\n                            <\/div>\n              <div class=\"stone-finishes-card\">\n          <a href=\"https:\/\/dev2.polycor.com\/fr\/pierres\/pierre-de-tervoux\/\" class=\"stone-card-image-and-title-container \">\n                          <div class=\"stone-card-image\" style=\"background: url('https:\/\/dev2.polycor.com\/wp-content\/uploads\/2024\/07\/pierre-de-tervoux-ROCAMAT.jpg') no-repeat center\/150%\"><\/div>\n                        <h5 class=\"stone-card-title\">Tervoux<\/h5>\n          <\/a>\n                            <\/div>\n              <div class=\"stone-finishes-card\">\n          <a href=\"https:\/\/dev2.polycor.com\/fr\/pierres\/pierre-de-sireuil-beige\/\" class=\"stone-card-image-and-title-container \">\n                          <div class=\"stone-card-image\" style=\"background: url('https:\/\/dev2.polycor.com\/wp-content\/uploads\/2024\/10\/SIREUIL-BEIGE_HD1600x1600.jpg') no-repeat center\/150%\"><\/div>\n                        <h5 class=\"stone-card-title\">Sireuil Beige<\/h5>\n          <\/a>\n                            <\/div>\n      <\/div>\n<style>\n.ibf-stone-finishes-slider.stone-finishes-slider-container .flickity-button.flickity-prev-next-button {\n  background: url(\"https:\/\/dev2.polycor.com\/wp-content\/plugins\/if-blocks\/\/blocks\/stone-finishes-slider\/assets\/img\/slider-arrow-left.svg\") no-repeat center;\n}\n\n.ibf-stone-finishes-slider.stone-finishes-slider-container .flickity-button.flickity-prev-next-button:disabled {\n  background: url(\"https:\/\/dev2.polycor.com\/wp-content\/plugins\/if-blocks\/\/blocks\/stone-finishes-slider\/assets\/img\/slider-arrow-left-disabled.svg\") no-repeat center;\n  background-size: contain;\n}\n\n.stone-finishes-card .stone-card-image-and-title-container {\n    position: relative;\n}\n\n.stone-finishes-card .stone-card-image-and-title-container.is-new:after {\n    content: \"New\";\n    position: absolute;\n    top: 0;\n    left: 0;\n    height: 25px;\n    width: 45px;\n    padding-left: 3px;\n    color: white;\n    background-color: #eeb310;\n    border-bottom-right-radius: 5px;\n    font-weight: bold;\n}\n<\/style>\n<\/div>\n\n\n\n<div class=\"wp-block-column is-layout-flow wp-block-column-is-layout-flow\" style=\"flex-basis:5%\"><\/div>\n<\/div>\n<\/div>\n<\/div>\n<\/div><\/div>\n","protected":false},"excerpt":{"rendered":"<p>Murs massifs structurels, murs massifs non structurels et fa\u00e7ades Construire en pierre massive locale est un choix responsable qui permet d\u2019obtenir des constructions bas carbones Rev\u00eatements D\u00e9couvrez les applications VOUS CHERCHEZ DE LA PIERRE NATURELLE ? Mat\u00e9riaux id\u00e9aux pour la pierre massive<\/p>\n","protected":false},"author":6,"featured_media":0,"parent":0,"menu_order":0,"comment_status":"closed","ping_status":"closed","template":"","meta":{"_acf_changed":false,"content-type":"","_kad_blocks_custom_css":"","_kad_blocks_head_custom_js":"","_kad_blocks_body_custom_js":"","_kad_blocks_footer_custom_js":"","_kad_post_transparent":"","_kad_post_title":"","_kad_post_layout":"","_kad_post_sidebar_id":"","_kad_post_content_style":"","_kad_post_vertical_padding":"","_kad_post_feature":"","_kad_post_feature_position":"","_kad_post_header":false,"_kad_post_footer":false,"_kad_post_classname":"","footnotes":""},"materials":[],"project-tags":[],"resource_type":[],"sites":[],"stone_tags":[],"product-tax":[],"application-tax":[],"class_list":["post-69140","page","type-page","status-publish","hentry"],"acf":[],"yoast_head":"<!-- This site is optimized with the Yoast SEO plugin v27.2 - https:\/\/yoast.com\/product\/yoast-seo-wordpress\/ -->\n<title>Pierre Massive - Polycor Inc.<\/title>\n<meta name=\"robots\" content=\"noindex, follow, max-snippet:-1, max-image-preview:large, max-video-preview:-1\" \/>\n<meta property=\"og:locale\" content=\"fr_FR\" \/>\n<meta property=\"og:type\" content=\"article\" \/>\n<meta property=\"og:title\" content=\"Pierre Massive - Polycor Inc.\" \/>\n<meta property=\"og:description\" content=\"Murs massifs structurels, murs massifs non structurels et fa\u00e7ades Construire en pierre massive locale est un choix responsable qui permet d\u2019obtenir des constructions bas carbones Rev\u00eatements D\u00e9couvrez les applications VOUS CHERCHEZ DE LA PIERRE NATURELLE ? Mat\u00e9riaux id\u00e9aux pour la pierre massive\" \/>\n<meta property=\"og:url\" content=\"https:\/\/dev2.polycor.com\/fr\/pierre-massive\/\" \/>\n<meta property=\"og:site_name\" content=\"Polycor Inc.\" \/>\n<meta property=\"article:modified_time\" content=\"2024-11-08T15:37:57+00:00\" \/>\n<meta property=\"og:image\" content=\"https:\/\/www.dev2.polycor.com\/wp-content\/uploads\/2024\/08\/GymnaseMimounArtibal-scaled.jpeg\" \/>\n<meta name=\"twitter:card\" content=\"summary_large_image\" \/>\n<meta name=\"twitter:label1\" content=\"Dur\u00e9e de lecture estim\u00e9e\" \/>\n\t<meta name=\"twitter:data1\" content=\"2 minutes\" \/>\n<script type=\"application\/ld+json\" class=\"yoast-schema-graph\">{\"@context\":\"https:\/\/schema.org\",\"@graph\":[{\"@type\":\"WebPage\",\"@id\":\"https:\/\/dev2.polycor.com\/fr\/pierre-massive\/\",\"url\":\"https:\/\/dev2.polycor.com\/fr\/pierre-massive\/\",\"name\":\"Pierre Massive - Polycor Inc.\",\"isPartOf\":{\"@id\":\"https:\/\/dev2.polycor.com\/fr\/#website\"},\"primaryImageOfPage\":{\"@id\":\"https:\/\/dev2.polycor.com\/fr\/pierre-massive\/#primaryimage\"},\"image\":{\"@id\":\"https:\/\/dev2.polycor.com\/fr\/pierre-massive\/#primaryimage\"},\"thumbnailUrl\":\"https:\/\/www.dev2.polycor.com\/wp-content\/uploads\/2024\/08\/GymnaseMimounArtibal-scaled.jpeg\",\"datePublished\":\"2024-08-06T15:51:00+00:00\",\"dateModified\":\"2024-11-08T15:37:57+00:00\",\"breadcrumb\":{\"@id\":\"https:\/\/dev2.polycor.com\/fr\/pierre-massive\/#breadcrumb\"},\"inLanguage\":\"fr-FR\",\"potentialAction\":[{\"@type\":\"ReadAction\",\"target\":[\"https:\/\/dev2.polycor.com\/fr\/pierre-massive\/\"]}]},{\"@type\":\"ImageObject\",\"inLanguage\":\"fr-FR\",\"@id\":\"https:\/\/dev2.polycor.com\/fr\/pierre-massive\/#primaryimage\",\"url\":\"https:\/\/www.dev2.polycor.com\/wp-content\/uploads\/2024\/08\/GymnaseMimounArtibal-scaled.jpeg\",\"contentUrl\":\"https:\/\/www.dev2.polycor.com\/wp-content\/uploads\/2024\/08\/GymnaseMimounArtibal-scaled.jpeg\"},{\"@type\":\"BreadcrumbList\",\"@id\":\"https:\/\/dev2.polycor.com\/fr\/pierre-massive\/#breadcrumb\",\"itemListElement\":[{\"@type\":\"ListItem\",\"position\":1,\"name\":\"Home\",\"item\":\"https:\/\/dev2.polycor.com\/fr\/\"},{\"@type\":\"ListItem\",\"position\":2,\"name\":\"Pierre Massive\"}]},{\"@type\":\"WebSite\",\"@id\":\"https:\/\/dev2.polycor.com\/fr\/#website\",\"url\":\"https:\/\/dev2.polycor.com\/fr\/\",\"name\":\"Polycor Inc.\",\"description\":\"The Largest Portfolio of Natural Stone in North America\",\"publisher\":{\"@id\":\"https:\/\/dev2.polycor.com\/fr\/#organization\"},\"potentialAction\":[{\"@type\":\"SearchAction\",\"target\":{\"@type\":\"EntryPoint\",\"urlTemplate\":\"https:\/\/dev2.polycor.com\/fr\/?s={search_term_string}\"},\"query-input\":{\"@type\":\"PropertyValueSpecification\",\"valueRequired\":true,\"valueName\":\"search_term_string\"}}],\"inLanguage\":\"fr-FR\"},{\"@type\":\"Organization\",\"@id\":\"https:\/\/dev2.polycor.com\/fr\/#organization\",\"name\":\"Polycor Inc.\",\"url\":\"https:\/\/dev2.polycor.com\/fr\/\",\"logo\":{\"@type\":\"ImageObject\",\"inLanguage\":\"fr-FR\",\"@id\":\"https:\/\/dev2.polycor.com\/fr\/#\/schema\/logo\/image\/\",\"url\":\"https:\/\/dev2.polycor.com\/wp-content\/uploads\/2023\/05\/pol-logo-fr.svg\",\"contentUrl\":\"https:\/\/dev2.polycor.com\/wp-content\/uploads\/2023\/05\/pol-logo-fr.svg\",\"width\":758,\"height\":148,\"caption\":\"Polycor Inc.\"},\"image\":{\"@id\":\"https:\/\/dev2.polycor.com\/fr\/#\/schema\/logo\/image\/\"}}]}<\/script>\n<!-- \/ Yoast SEO plugin. -->","yoast_head_json":{"title":"Pierre Massive - Polycor Inc.","robots":{"index":"noindex","follow":"follow","max-snippet":"max-snippet:-1","max-image-preview":"max-image-preview:large","max-video-preview":"max-video-preview:-1"},"og_locale":"fr_FR","og_type":"article","og_title":"Pierre Massive - Polycor Inc.","og_description":"Murs massifs structurels, murs massifs non structurels et fa\u00e7ades Construire en pierre massive locale est un choix responsable qui permet d\u2019obtenir des constructions bas carbones Rev\u00eatements D\u00e9couvrez les applications VOUS CHERCHEZ DE LA PIERRE NATURELLE ? Mat\u00e9riaux id\u00e9aux pour la pierre massive","og_url":"https:\/\/dev2.polycor.com\/fr\/pierre-massive\/","og_site_name":"Polycor Inc.","article_modified_time":"2024-11-08T15:37:57+00:00","og_image":[{"url":"https:\/\/www.dev2.polycor.com\/wp-content\/uploads\/2024\/08\/GymnaseMimounArtibal-scaled.jpeg","type":"","width":"","height":""}],"twitter_card":"summary_large_image","twitter_misc":{"Dur\u00e9e de lecture estim\u00e9e":"2 minutes"},"schema":{"@context":"https:\/\/schema.org","@graph":[{"@type":"WebPage","@id":"https:\/\/dev2.polycor.com\/fr\/pierre-massive\/","url":"https:\/\/dev2.polycor.com\/fr\/pierre-massive\/","name":"Pierre Massive - Polycor Inc.","isPartOf":{"@id":"https:\/\/dev2.polycor.com\/fr\/#website"},"primaryImageOfPage":{"@id":"https:\/\/dev2.polycor.com\/fr\/pierre-massive\/#primaryimage"},"image":{"@id":"https:\/\/dev2.polycor.com\/fr\/pierre-massive\/#primaryimage"},"thumbnailUrl":"https:\/\/www.dev2.polycor.com\/wp-content\/uploads\/2024\/08\/GymnaseMimounArtibal-scaled.jpeg","datePublished":"2024-08-06T15:51:00+00:00","dateModified":"2024-11-08T15:37:57+00:00","breadcrumb":{"@id":"https:\/\/dev2.polycor.com\/fr\/pierre-massive\/#breadcrumb"},"inLanguage":"fr-FR","potentialAction":[{"@type":"ReadAction","target":["https:\/\/dev2.polycor.com\/fr\/pierre-massive\/"]}]},{"@type":"ImageObject","inLanguage":"fr-FR","@id":"https:\/\/dev2.polycor.com\/fr\/pierre-massive\/#primaryimage","url":"https:\/\/www.dev2.polycor.com\/wp-content\/uploads\/2024\/08\/GymnaseMimounArtibal-scaled.jpeg","contentUrl":"https:\/\/www.dev2.polycor.com\/wp-content\/uploads\/2024\/08\/GymnaseMimounArtibal-scaled.jpeg"},{"@type":"BreadcrumbList","@id":"https:\/\/dev2.polycor.com\/fr\/pierre-massive\/#breadcrumb","itemListElement":[{"@type":"ListItem","position":1,"name":"Home","item":"https:\/\/dev2.polycor.com\/fr\/"},{"@type":"ListItem","position":2,"name":"Pierre Massive"}]},{"@type":"WebSite","@id":"https:\/\/dev2.polycor.com\/fr\/#website","url":"https:\/\/dev2.polycor.com\/fr\/","name":"Polycor Inc.","description":"The Largest Portfolio of Natural Stone in North America","publisher":{"@id":"https:\/\/dev2.polycor.com\/fr\/#organization"},"potentialAction":[{"@type":"SearchAction","target":{"@type":"EntryPoint","urlTemplate":"https:\/\/dev2.polycor.com\/fr\/?s={search_term_string}"},"query-input":{"@type":"PropertyValueSpecification","valueRequired":true,"valueName":"search_term_string"}}],"inLanguage":"fr-FR"},{"@type":"Organization","@id":"https:\/\/dev2.polycor.com\/fr\/#organization","name":"Polycor Inc.","url":"https:\/\/dev2.polycor.com\/fr\/","logo":{"@type":"ImageObject","inLanguage":"fr-FR","@id":"https:\/\/dev2.polycor.com\/fr\/#\/schema\/logo\/image\/","url":"https:\/\/dev2.polycor.com\/wp-content\/uploads\/2023\/05\/pol-logo-fr.svg","contentUrl":"https:\/\/dev2.polycor.com\/wp-content\/uploads\/2023\/05\/pol-logo-fr.svg","width":758,"height":148,"caption":"Polycor Inc."},"image":{"@id":"https:\/\/dev2.polycor.com\/fr\/#\/schema\/logo\/image\/"}}]}},"taxonomy_info":[],"featured_image_src_large":false,"author_info":{"display_name":"Den","author_link":"https:\/\/dev2.polycor.com\/fr\/blog\/author\/dens\/"},"comment_info":0,"_links":{"self":[{"href":"https:\/\/dev2.polycor.com\/fr\/wp-json\/wp\/v2\/pages\/69140","targetHints":{"allow":["GET"]}}],"collection":[{"href":"https:\/\/dev2.polycor.com\/fr\/wp-json\/wp\/v2\/pages"}],"about":[{"href":"https:\/\/dev2.polycor.com\/fr\/wp-json\/wp\/v2\/types\/page"}],"author":[{"embeddable":true,"href":"https:\/\/dev2.polycor.com\/fr\/wp-json\/wp\/v2\/users\/6"}],"replies":[{"embeddable":true,"href":"https:\/\/dev2.polycor.com\/fr\/wp-json\/wp\/v2\/comments?post=69140"}],"version-history":[{"count":5,"href":"https:\/\/dev2.polycor.com\/fr\/wp-json\/wp\/v2\/pages\/69140\/revisions"}],"predecessor-version":[{"id":75960,"href":"https:\/\/dev2.polycor.com\/fr\/wp-json\/wp\/v2\/pages\/69140\/revisions\/75960"}],"wp:attachment":[{"href":"https:\/\/dev2.polycor.com\/fr\/wp-json\/wp\/v2\/media?parent=69140"}],"wp:term":[{"taxonomy":"materials","embeddable":true,"href":"https:\/\/dev2.polycor.com\/fr\/wp-json\/wp\/v2\/materials?post=69140"},{"taxonomy":"project-tags","embeddable":true,"href":"https:\/\/dev2.polycor.com\/fr\/wp-json\/wp\/v2\/project-tags?post=69140"},{"taxonomy":"resource_type","embeddable":true,"href":"https:\/\/dev2.polycor.com\/fr\/wp-json\/wp\/v2\/resource_type?post=69140"},{"taxonomy":"sites","embeddable":true,"href":"https:\/\/dev2.polycor.com\/fr\/wp-json\/wp\/v2\/sites?post=69140"},{"taxonomy":"stone_tags","embeddable":true,"href":"https:\/\/dev2.polycor.com\/fr\/wp-json\/wp\/v2\/stone_tags?post=69140"},{"taxonomy":"product-tax","embeddable":true,"href":"https:\/\/dev2.polycor.com\/fr\/wp-json\/wp\/v2\/product-tax?post=69140"},{"taxonomy":"application-tax","embeddable":true,"href":"https:\/\/dev2.polycor.com\/fr\/wp-json\/wp\/v2\/application-tax?post=69140"}],"curies":[{"name":"wp","href":"https:\/\/api.w.org\/{rel}","templated":true}]}}